{"id":2338,"date":"2023-09-16T22:06:18","date_gmt":"2023-09-17T02:06:18","guid":{"rendered":"http:\/\/togodisplays.com\/\/product\/demi-mur-pour-tente-produit-a-montreal\/"},"modified":"2025-10-09T13:51:06","modified_gmt":"2025-10-09T17:51:06","slug":"demi-mur-tente-produit-montreal","status":"publish","type":"product","link":"https:\/\/elegantdisplay.ca\/fr\/shop\/tentes-corporatives\/demi-mur-tente-produit-montreal\/","title":{"rendered":"Demi-mur pour tente &#8211; Produite \u00e0 Montr\u00e9al"},"content":{"rendered":"<p>Demi-mur optionnel qui s&rsquo;installe sur un ou pluesieurs c\u00f4t\u00e9s de votre tente 10&prime; x 10&prime;. Peut \u00eatre combin\u00e9 avec le <a href=\"https:\/\/elegantdisplay.ca\/fr\/shop\/tentes-corporatives\/mur-arriere-tente-produit-montreal\/\">mur de fond<\/a>.<\/p>\n<p><strong>Tissu<\/strong>:<\/p>\n<ul>\n<li>Tissu de tente (Recto) &#8211; Tissu tiss\u00e9, 100% polyester, enduction acrylique sur un c\u00f4t\u00e9, r\u00e9sistant \u00e0 l&rsquo;eau, mat, ignifuge<\/li>\n<li>NightStar (Recto-verso) &#8211; Tissu opaque, dos noir, r\u00e9sistant \u00e0 l&rsquo;eau, mat, ignifuge<\/li>\n<\/ul>\n","protected":false},"excerpt":{"rendered":"<p>Demi-mur optionnel qui s&rsquo;installe sur un ou pluesieurs c\u00f4t\u00e9s de votre tente 10&prime; x 10&prime;. Peut \u00eatre combin\u00e9 avec le <a href=\"https:\/\/elegantdisplay.ca\/fr\/product-category\/tentes-corporatives\/\">mur de fond<\/a>.<\/p>\n","protected":false},"featured_media":1870,"template":"","meta":{"_acf_changed":false,"_seopress_robots_primary_cat":"none","_seopress_titles_title":"","_seopress_titles_desc":"","_seopress_robots_index":"","site-sidebar-layout":"default","site-content-layout":"","ast-site-content-layout":"default","site-content-style":"default","site-sidebar-style":"default","ast-global-header-display":"","ast-banner-title-visibility":"","ast-main-header-display":"","ast-hfb-above-header-display":"","ast-hfb-below-header-display":"","ast-hfb-mobile-header-display":"","site-post-title":"","ast-breadcrumbs-content":"","ast-featured-img":"","footer-sml-layout":"","theme-transparent-header-meta":"default","adv-header-id-meta":"","stick-header-meta":"","header-above-stick-meta":"","header-main-stick-meta":"","header-below-stick-meta":"","astra-migrate-meta-layouts":"default","ast-page-background-enabled":"default","ast-page-background-meta":{"desktop":{"background-color":"var(--ast-global-color-4)","background-image":"","background-repeat":"repeat","background-position":"center center","background-size":"auto","background-attachment":"scroll","background-type":"","background-media":"","overlay-type":"","overlay-color":"","overlay-opacity":"","overlay-gradient":""},"tablet":{"background-color":"","background-image":"","background-repeat":"repeat","background-position":"center center","background-size":"auto","background-attachment":"scroll","background-type":"","background-media":"","overlay-type":"","overlay-color":"","overlay-opacity":"","overlay-gradient":""},"mobile":{"background-color":"","background-image":"","background-repeat":"repeat","background-position":"center center","background-size":"auto","background-attachment":"scroll","background-type":"","background-media":"","overlay-type":"","overlay-color":"","overlay-opacity":"","overlay-gradient":""}},"ast-content-background-meta":{"desktop":{"background-color":"var(--ast-global-color-5)","background-image":"","background-repeat":"repeat","background-position":"center center","background-size":"auto","background-attachment":"scroll","background-type":"","background-media":"","overlay-type":"","overlay-color":"","overlay-opacity":"","overlay-gradient":""},"tablet":{"background-color":"var(--ast-global-color-5)","background-image":"","background-repeat":"repeat","background-position":"center center","background-size":"auto","background-attachment":"scroll","background-type":"","background-media":"","overlay-type":"","overlay-color":"","overlay-opacity":"","overlay-gradient":""},"mobile":{"background-color":"var(--ast-global-color-5)","background-image":"","background-repeat":"repeat","background-position":"center center","background-size":"auto","background-attachment":"scroll","background-type":"","background-media":"","overlay-type":"","overlay-color":"","overlay-opacity":"","overlay-gradient":""}}},"product_brand":[],"product_cat":[410,49],"product_tag":[],"class_list":{"0":"post-2338","1":"product","2":"type-product","3":"status-publish","4":"has-post-thumbnail","6":"product_cat-large-display-fr","7":"product_cat-tentes-corporatives","8":"desktop-align-left","9":"tablet-align-left","10":"mobile-align-left","12":"first","13":"instock","14":"taxable","15":"shipping-taxable","16":"purchasable","17":"product-type-variable"},"acf":[],"_links":{"self":[{"href":"https:\/\/elegantdisplay.ca\/fr\/wp-json\/wp\/v2\/product\/2338","targetHints":{"allow":["GET"]}}],"collection":[{"href":"https:\/\/elegantdisplay.ca\/fr\/wp-json\/wp\/v2\/product"}],"about":[{"href":"https:\/\/elegantdisplay.ca\/fr\/wp-json\/wp\/v2\/types\/product"}],"wp:featuredmedia":[{"embeddable":true,"href":"https:\/\/elegantdisplay.ca\/fr\/wp-json\/wp\/v2\/media\/1870"}],"wp:attachment":[{"href":"https:\/\/elegantdisplay.ca\/fr\/wp-json\/wp\/v2\/media?parent=2338"}],"wp:term":[{"taxonomy":"product_brand","embeddable":true,"href":"https:\/\/elegantdisplay.ca\/fr\/wp-json\/wp\/v2\/product_brand?post=2338"},{"taxonomy":"product_cat","embeddable":true,"href":"https:\/\/elegantdisplay.ca\/fr\/wp-json\/wp\/v2\/product_cat?post=2338"},{"taxonomy":"product_tag","embeddable":true,"href":"https:\/\/elegantdisplay.ca\/fr\/wp-json\/wp\/v2\/product_tag?post=2338"}],"curies":[{"name":"wp","href":"https:\/\/api.w.org\/{rel}","templated":true}]}}