{"id":2344,"date":"2023-09-16T13:07:31","date_gmt":"2023-09-16T17:07:31","guid":{"rendered":"http:\/\/togodisplays.com\/\/product\/comptoir\/"},"modified":"2025-08-05T17:55:49","modified_gmt":"2025-08-05T21:55:49","slug":"compteur","status":"publish","type":"product","link":"https:\/\/elegantdisplay.ca\/fr\/shop\/comptoir\/compteur\/","title":{"rendered":"Comptoir"},"content":{"rendered":"<p>Comptoir promotionnel facile \u00e0 monter gr\u00e2ce \u00e0 sa structure en ciseaux. Ce produit est \u00e9quip\u00e9 d&rsquo;une \u00e9tag\u00e8re int\u00e9rieure pratique pour ranger vos produits ou documents, un dessus en particules de bois beige ou noir et une toile sublim\u00e9e recouvrant le devant et les c\u00f4t\u00e9s. <\/p>\n<p>Notre comptoir promotionnel peut \u00eatre assembl\u00e9 en une minute et sans outils. C&rsquo;est l&rsquo;ajout parfair pour compl\u00e9ter cotre kiosque d&rsquo;affichage grand format. <\/p>\n<p><strong>Tissu<\/strong>: Dynatex &#8211; Tissu extensible 94% polyester 6% spandex, anti-froissable, bonne opacit\u00e9, ignifuge<\/p>\n","protected":false},"excerpt":{"rendered":"<p>Comptoir promotionnel facile \u00e0 monter gr\u00e2ce \u00e0 sa structure en ciseaux. Ce produit est \u00e9quip\u00e9 d&rsquo;une \u00e9tag\u00e8re int\u00e9rieure pratique pour ranger vos produits ou documents, un dessus en particules de bois beige ou noir et une toile sublim\u00e9e recouvrant le devant et les c\u00f4t\u00e9s. <\/p>\n","protected":false},"featured_media":2037,"template":"","meta":{"_acf_changed":false,"_seopress_robots_primary_cat":"none","_seopress_titles_title":"","_seopress_titles_desc":"","_seopress_robots_index":"","site-sidebar-layout":"default","site-content-layout":"","ast-site-content-layout":"default","site-content-style":"default","site-sidebar-style":"default","ast-global-header-display":"","ast-banner-title-visibility":"","ast-main-header-display":"","ast-hfb-above-header-display":"","ast-hfb-below-header-display":"","ast-hfb-mobile-header-display":"","site-post-title":"","ast-breadcrumbs-content":"","ast-featured-img":"","footer-sml-layout":"","theme-transparent-header-meta":"default","adv-header-id-meta":"","stick-header-meta":"","header-above-stick-meta":"","header-main-stick-meta":"","header-below-stick-meta":"","astra-migrate-meta-layouts":"set","ast-page-background-enabled":"default","ast-page-background-meta":{"desktop":{"background-color":"var(--ast-global-color-4)","background-image":"","background-repeat":"repeat","background-position":"center center","background-size":"auto","background-attachment":"scroll","background-type":"","background-media":"","overlay-type":"","overlay-color":"","overlay-opacity":"","overlay-gradient":""},"tablet":{"background-color":"","background-image":"","background-repeat":"repeat","background-position":"center center","background-size":"auto","background-attachment":"scroll","background-type":"","background-media":"","overlay-type":"","overlay-color":"","overlay-opacity":"","overlay-gradient":""},"mobile":{"background-color":"","background-image":"","background-repeat":"repeat","background-position":"center center","background-size":"auto","background-attachment":"scroll","background-type":"","background-media":"","overlay-type":"","overlay-color":"","overlay-opacity":"","overlay-gradient":""}},"ast-content-background-meta":{"desktop":{"background-color":"var(--ast-global-color-5)","background-image":"","background-repeat":"repeat","background-position":"center center","background-size":"auto","background-attachment":"scroll","background-type":"","background-media":"","overlay-type":"","overlay-color":"","overlay-opacity":"","overlay-gradient":""},"tablet":{"background-color":"var(--ast-global-color-5)","background-image":"","background-repeat":"repeat","background-position":"center center","background-size":"auto","background-attachment":"scroll","background-type":"","background-media":"","overlay-type":"","overlay-color":"","overlay-opacity":"","overlay-gradient":""},"mobile":{"background-color":"var(--ast-global-color-5)","background-image":"","background-repeat":"repeat","background-position":"center center","background-size":"auto","background-attachment":"scroll","background-type":"","background-media":"","overlay-type":"","overlay-color":"","overlay-opacity":"","overlay-gradient":""}}},"product_brand":[],"product_cat":[50,51],"product_tag":[],"class_list":{"0":"post-2344","1":"product","2":"type-product","3":"status-publish","4":"has-post-thumbnail","6":"product_cat-comptoir","7":"product_cat-materiel-promotionnel-evenementiel","8":"desktop-align-left","9":"tablet-align-left","10":"mobile-align-left","12":"first","13":"instock","14":"taxable","15":"shipping-taxable","16":"purchasable","17":"product-type-variable"},"acf":[],"_links":{"self":[{"href":"https:\/\/elegantdisplay.ca\/fr\/wp-json\/wp\/v2\/product\/2344","targetHints":{"allow":["GET"]}}],"collection":[{"href":"https:\/\/elegantdisplay.ca\/fr\/wp-json\/wp\/v2\/product"}],"about":[{"href":"https:\/\/elegantdisplay.ca\/fr\/wp-json\/wp\/v2\/types\/product"}],"wp:featuredmedia":[{"embeddable":true,"href":"https:\/\/elegantdisplay.ca\/fr\/wp-json\/wp\/v2\/media\/2037"}],"wp:attachment":[{"href":"https:\/\/elegantdisplay.ca\/fr\/wp-json\/wp\/v2\/media?parent=2344"}],"wp:term":[{"taxonomy":"product_brand","embeddable":true,"href":"https:\/\/elegantdisplay.ca\/fr\/wp-json\/wp\/v2\/product_brand?post=2344"},{"taxonomy":"product_cat","embeddable":true,"href":"https:\/\/elegantdisplay.ca\/fr\/wp-json\/wp\/v2\/product_cat?post=2344"},{"taxonomy":"product_tag","embeddable":true,"href":"https:\/\/elegantdisplay.ca\/fr\/wp-json\/wp\/v2\/product_tag?post=2344"}],"curies":[{"name":"wp","href":"https:\/\/api.w.org\/{rel}","templated":true}]}}