{"id":2348,"date":"2023-09-12T19:36:44","date_gmt":"2023-09-12T23:36:44","guid":{"rendered":"http:\/\/togodisplays.com\/\/product\/base-carree\/"},"modified":"2025-08-05T12:31:47","modified_gmt":"2025-08-05T16:31:47","slug":"base-carree","status":"publish","type":"product","link":"https:\/\/elegantdisplay.ca\/fr\/shop\/equipement-fournitures\/base-carree\/","title":{"rendered":"Base carr\u00e9e"},"content":{"rendered":"<p>La base carr\u00e9e noire est appropri\u00e9e pour un usage int\u00e9rieur. Elle peut parfois \u00eatre utilis\u00e9e \u00e0 l\u2019ext\u00e9rieure sur un sol dur et plat; comme l\u2019asphalte ou le ciment par exemple. Par contre, si elle est plac\u00e9e en ext\u00e9rieur, il est conseill\u00e9 d\u2019ajouter une pes\u00e9e pour stabiliser le drapeau et \u00e9viter qu\u2019il bascule \u00e0 cause du vent.<\/p>\n<p>La base carr\u00e9e pour drapeau est un produit solide et de qualit\u00e9. Elle offre un design \u00e9l\u00e9gant et sobre.<\/p>\n","protected":false},"excerpt":{"rendered":"<p>La base carr\u00e9e noire est appropri\u00e9e pour un usage int\u00e9rieur. Elle peut parfois \u00eatre utilis\u00e9e \u00e0 l\u2019ext\u00e9rieure sur un sol dur et plat; comme l\u2019asphalte ou le ciment par exemple. Par contre, si elle est plac\u00e9e en ext\u00e9rieur, il est conseill\u00e9 d\u2019ajouter une pes\u00e9e pour stabiliser le drapeau et \u00e9viter qu\u2019il bascule \u00e0 cause du vent.<\/p>\n","protected":false},"featured_media":1891,"template":"","meta":{"_acf_changed":false,"_seopress_robots_primary_cat":"none","_seopress_titles_title":"","_seopress_titles_desc":"","_seopress_robots_index":"","site-sidebar-layout":"default","site-content-layout":"","ast-site-content-layout":"default","site-content-style":"default","site-sidebar-style":"default","ast-global-header-display":"","ast-banner-title-visibility":"","ast-main-header-display":"","ast-hfb-above-header-display":"","ast-hfb-below-header-display":"","ast-hfb-mobile-header-display":"","site-post-title":"","ast-breadcrumbs-content":"","ast-featured-img":"","footer-sml-layout":"","theme-transparent-header-meta":"default","adv-header-id-meta":"","stick-header-meta":"","header-above-stick-meta":"","header-main-stick-meta":"","header-below-stick-meta":"","astra-migrate-meta-layouts":"set","ast-page-background-enabled":"default","ast-page-background-meta":{"desktop":{"background-color":"var(--ast-global-color-4)","background-image":"","background-repeat":"repeat","background-position":"center center","background-size":"auto","background-attachment":"scroll","background-type":"","background-media":"","overlay-type":"","overlay-color":"","overlay-opacity":"","overlay-gradient":""},"tablet":{"background-color":"","background-image":"","background-repeat":"repeat","background-position":"center center","background-size":"auto","background-attachment":"scroll","background-type":"","background-media":"","overlay-type":"","overlay-color":"","overlay-opacity":"","overlay-gradient":""},"mobile":{"background-color":"","background-image":"","background-repeat":"repeat","background-position":"center center","background-size":"auto","background-attachment":"scroll","background-type":"","background-media":"","overlay-type":"","overlay-color":"","overlay-opacity":"","overlay-gradient":""}},"ast-content-background-meta":{"desktop":{"background-color":"var(--ast-global-color-5)","background-image":"","background-repeat":"repeat","background-position":"center center","background-size":"auto","background-attachment":"scroll","background-type":"","background-media":"","overlay-type":"","overlay-color":"","overlay-opacity":"","overlay-gradient":""},"tablet":{"background-color":"var(--ast-global-color-5)","background-image":"","background-repeat":"repeat","background-position":"center center","background-size":"auto","background-attachment":"scroll","background-type":"","background-media":"","overlay-type":"","overlay-color":"","overlay-opacity":"","overlay-gradient":""},"mobile":{"background-color":"var(--ast-global-color-5)","background-image":"","background-repeat":"repeat","background-position":"center center","background-size":"auto","background-attachment":"scroll","background-type":"","background-media":"","overlay-type":"","overlay-color":"","overlay-opacity":"","overlay-gradient":""}}},"product_brand":[],"product_cat":[423,54,52,53],"product_tag":[],"class_list":{"0":"post-2348","1":"product","2":"type-product","3":"status-publish","4":"has-post-thumbnail","6":"product_cat-accessoires","7":"product_cat-bases-et-pesees","8":"product_cat-equipement-fournitures","9":"product_cat-salons-expositions","10":"desktop-align-left","11":"tablet-align-left","12":"mobile-align-left","14":"first","15":"instock","16":"taxable","17":"shipping-taxable","18":"purchasable","19":"product-type-simple"},"acf":[],"_links":{"self":[{"href":"https:\/\/elegantdisplay.ca\/fr\/wp-json\/wp\/v2\/product\/2348","targetHints":{"allow":["GET"]}}],"collection":[{"href":"https:\/\/elegantdisplay.ca\/fr\/wp-json\/wp\/v2\/product"}],"about":[{"href":"https:\/\/elegantdisplay.ca\/fr\/wp-json\/wp\/v2\/types\/product"}],"wp:featuredmedia":[{"embeddable":true,"href":"https:\/\/elegantdisplay.ca\/fr\/wp-json\/wp\/v2\/media\/1891"}],"wp:attachment":[{"href":"https:\/\/elegantdisplay.ca\/fr\/wp-json\/wp\/v2\/media?parent=2348"}],"wp:term":[{"taxonomy":"product_brand","embeddable":true,"href":"https:\/\/elegantdisplay.ca\/fr\/wp-json\/wp\/v2\/product_brand?post=2348"},{"taxonomy":"product_cat","embeddable":true,"href":"https:\/\/elegantdisplay.ca\/fr\/wp-json\/wp\/v2\/product_cat?post=2348"},{"taxonomy":"product_tag","embeddable":true,"href":"https:\/\/elegantdisplay.ca\/fr\/wp-json\/wp\/v2\/product_tag?post=2348"}],"curies":[{"name":"wp","href":"https:\/\/api.w.org\/{rel}","templated":true}]}}