{"id":2353,"date":"2023-09-12T19:25:27","date_gmt":"2023-09-12T23:25:27","guid":{"rendered":"http:\/\/togodisplays.com\/\/product\/ablettes-pour-o-tube-avec-support-pour-television\/"},"modified":"2025-08-18T11:03:50","modified_gmt":"2025-08-18T15:03:50","slug":"meuble-tv-avec-etageres-pour-o-tube","status":"publish","type":"product","link":"https:\/\/elegantdisplay.ca\/fr\/shop\/murs-o-tube\/meuble-tv-avec-etageres-pour-o-tube\/","title":{"rendered":"Tablettes pour O-Tube avec support pour t\u00e9l\u00e9vision"},"content":{"rendered":"<p>Support pour t\u00e9l\u00e9vision avec tablettes compatible avec les structures O-Tube autoportantes. Le support est muni de petites pinces \u00e0 pression dans le haut qui s\u2019agrippent \u00e0 votre structure et de deux (2) pieds stabililateurs. Choix de deux (2) ou trois (3) tablettes selon vos besoins. Pour des t\u00e9l\u00e9visions de 24&Prime; \u00e0 32&Prime; en largeur et un poids maximum de 18 livres.<\/p>\n<p>Ce support t\u00e9l\u00e9 augmente le niveau attractif de votre kiosque. Pr\u00e9sentez votre entreprise ou vos produits de mani\u00e8re dynamique avec une animation vid\u00e9o! Rien de tel pour attirer les regards et inviter les gens \u00e0 venir vous rencontrer.<\/p>\n","protected":false},"excerpt":{"rendered":"<p>Support pour t\u00e9l\u00e9vision avec tablettes compatible avec les structures O-Tube autoportantes. Le support est muni de petites pinces \u00e0 pression dans le haut qui s\u2019agrippent \u00e0 votre structure et de deux (2) pieds stabililateurs. Choix de deux (2) ou trois (3) tablettes selon vos besoins. Pour des t\u00e9l\u00e9visions de 24&Prime; \u00e0 32&Prime; en largeur et un poids maximum de 18 livres.<\/p>\n","protected":false},"featured_media":1886,"template":"","meta":{"_acf_changed":false,"_seopress_robots_primary_cat":"none","_seopress_titles_title":"","_seopress_titles_desc":"","_seopress_robots_index":"","site-sidebar-layout":"default","site-content-layout":"","ast-site-content-layout":"default","site-content-style":"default","site-sidebar-style":"default","ast-global-header-display":"","ast-banner-title-visibility":"","ast-main-header-display":"","ast-hfb-above-header-display":"","ast-hfb-below-header-display":"","ast-hfb-mobile-header-display":"","site-post-title":"","ast-breadcrumbs-content":"","ast-featured-img":"","footer-sml-layout":"","theme-transparent-header-meta":"default","adv-header-id-meta":"","stick-header-meta":"","header-above-stick-meta":"","header-main-stick-meta":"","header-below-stick-meta":"","astra-migrate-meta-layouts":"default","ast-page-background-enabled":"default","ast-page-background-meta":{"desktop":{"background-color":"var(--ast-global-color-4)","background-image":"","background-repeat":"repeat","background-position":"center center","background-size":"auto","background-attachment":"scroll","background-type":"","background-media":"","overlay-type":"","overlay-color":"","overlay-opacity":"","overlay-gradient":""},"tablet":{"background-color":"","background-image":"","background-repeat":"repeat","background-position":"center center","background-size":"auto","background-attachment":"scroll","background-type":"","background-media":"","overlay-type":"","overlay-color":"","overlay-opacity":"","overlay-gradient":""},"mobile":{"background-color":"","background-image":"","background-repeat":"repeat","background-position":"center center","background-size":"auto","background-attachment":"scroll","background-type":"","background-media":"","overlay-type":"","overlay-color":"","overlay-opacity":"","overlay-gradient":""}},"ast-content-background-meta":{"desktop":{"background-color":"var(--ast-global-color-5)","background-image":"","background-repeat":"repeat","background-position":"center center","background-size":"auto","background-attachment":"scroll","background-type":"","background-media":"","overlay-type":"","overlay-color":"","overlay-opacity":"","overlay-gradient":""},"tablet":{"background-color":"var(--ast-global-color-5)","background-image":"","background-repeat":"repeat","background-position":"center center","background-size":"auto","background-attachment":"scroll","background-type":"","background-media":"","overlay-type":"","overlay-color":"","overlay-opacity":"","overlay-gradient":""},"mobile":{"background-color":"var(--ast-global-color-5)","background-image":"","background-repeat":"repeat","background-position":"center center","background-size":"auto","background-attachment":"scroll","background-type":"","background-media":"","overlay-type":"","overlay-color":"","overlay-opacity":"","overlay-gradient":""}}},"product_brand":[],"product_cat":[410,55],"product_tag":[],"class_list":{"0":"post-2353","1":"product","2":"type-product","3":"status-publish","4":"has-post-thumbnail","6":"product_cat-large-display-fr","7":"product_cat-murs-o-tube","8":"desktop-align-left","9":"tablet-align-left","10":"mobile-align-left","12":"first","13":"instock","14":"taxable","15":"shipping-taxable","16":"purchasable","17":"product-type-variable"},"acf":[],"_links":{"self":[{"href":"https:\/\/elegantdisplay.ca\/fr\/wp-json\/wp\/v2\/product\/2353","targetHints":{"allow":["GET"]}}],"collection":[{"href":"https:\/\/elegantdisplay.ca\/fr\/wp-json\/wp\/v2\/product"}],"about":[{"href":"https:\/\/elegantdisplay.ca\/fr\/wp-json\/wp\/v2\/types\/product"}],"wp:featuredmedia":[{"embeddable":true,"href":"https:\/\/elegantdisplay.ca\/fr\/wp-json\/wp\/v2\/media\/1886"}],"wp:attachment":[{"href":"https:\/\/elegantdisplay.ca\/fr\/wp-json\/wp\/v2\/media?parent=2353"}],"wp:term":[{"taxonomy":"product_brand","embeddable":true,"href":"https:\/\/elegantdisplay.ca\/fr\/wp-json\/wp\/v2\/product_brand?post=2353"},{"taxonomy":"product_cat","embeddable":true,"href":"https:\/\/elegantdisplay.ca\/fr\/wp-json\/wp\/v2\/product_cat?post=2353"},{"taxonomy":"product_tag","embeddable":true,"href":"https:\/\/elegantdisplay.ca\/fr\/wp-json\/wp\/v2\/product_tag?post=2353"}],"curies":[{"name":"wp","href":"https:\/\/api.w.org\/{rel}","templated":true}]}}