{"id":2356,"date":"2023-09-12T19:23:56","date_gmt":"2023-09-12T23:23:56","guid":{"rendered":"http:\/\/togodisplays.com\/\/product\/caisson-rigide-de-transport-a-roulettes-toile-incluse\/"},"modified":"2025-08-05T19:39:39","modified_gmt":"2025-08-05T23:39:39","slug":"boitier-rigide-roues","status":"publish","type":"product","link":"https:\/\/elegantdisplay.ca\/fr\/shop\/caissons-et-sacs-de-transport\/boitier-rigide-roues\/","title":{"rendered":"Caisson rigide de transport \u00e0 roulettes (Toile incluse)"},"content":{"rendered":"<p>Bo\u00eete de transport en plastique rigide noir, sur roulettes, que vous pouvez facilement transformer en comptoir. Comprend un compartiment dans le couvercle pour ranger votre syst\u00e8me d\u2019\u00e9clairage dans une mousse protectrice au besoin. Peut contenir le O-Tube Wall ou le Pop Up Display.<\/p>\n<p>La toile imprim\u00e9e incluse transforme la valise rigide en comptoir promotionnel.<\/p>\n<p>Dimensions ext\u00e9rieures : 27\u2033L x 15.5\u2033P x 38.5\u2033H.<br \/>\nDimensions int\u00e9rieures : 24\u2033L x 8\u2033P x 30\u2033H.<\/p>\n<p>Ce caisson de transport avec roulettes est solide, r\u00e9sistant aux chocs et con\u00e7u pour tous genres de d\u00e9placements de votre mat\u00e9riel promotionnel; en voiture, en train et m\u00eame en avion.<\/p>\n<p><strong>Tissu<\/strong>: Dynatex &#8211; Tissu extensible 94% polyester 6% spandex, anti-froissable, bonne opacit\u00e9, ignifuge<\/p>\n","protected":false},"excerpt":{"rendered":"<p>Bo\u00eete de transport en plastique rigide noir, sur roulettes, que vous pouvez facilement transformer en comptoir. Comprend un compartiment dans le couvercle pour ranger votre syst\u00e8me d\u2019\u00e9clairage dans une mousse protectrice au besoin. Peut contenir le O-Tube Wall ou le Pop Up Display.<\/p>\n<p>La toile imprim\u00e9e incluse transforme la valise rigide en comptoir promotionnel.<\/p>\n<p>Dimensions ext\u00e9rieures : 27\u2033L x 15.5\u2033P x 38.5\u2033H.<br \/>\nDimensions int\u00e9rieures : 24\u2033L x 8\u2033P x 30\u2033H.<\/p>\n","protected":false},"featured_media":1885,"template":"","meta":{"_acf_changed":false,"_seopress_robots_primary_cat":"none","_seopress_titles_title":"","_seopress_titles_desc":"","_seopress_robots_index":"","site-sidebar-layout":"default","site-content-layout":"","ast-site-content-layout":"default","site-content-style":"default","site-sidebar-style":"default","ast-global-header-display":"","ast-banner-title-visibility":"","ast-main-header-display":"","ast-hfb-above-header-display":"","ast-hfb-below-header-display":"","ast-hfb-mobile-header-display":"","site-post-title":"","ast-breadcrumbs-content":"","ast-featured-img":"","footer-sml-layout":"","theme-transparent-header-meta":"default","adv-header-id-meta":"","stick-header-meta":"","header-above-stick-meta":"","header-main-stick-meta":"","header-below-stick-meta":"","astra-migrate-meta-layouts":"set","ast-page-background-enabled":"default","ast-page-background-meta":{"desktop":{"background-color":"var(--ast-global-color-4)","background-image":"","background-repeat":"repeat","background-position":"center center","background-size":"auto","background-attachment":"scroll","background-type":"","background-media":"","overlay-type":"","overlay-color":"","overlay-opacity":"","overlay-gradient":""},"tablet":{"background-color":"","background-image":"","background-repeat":"repeat","background-position":"center center","background-size":"auto","background-attachment":"scroll","background-type":"","background-media":"","overlay-type":"","overlay-color":"","overlay-opacity":"","overlay-gradient":""},"mobile":{"background-color":"","background-image":"","background-repeat":"repeat","background-position":"center center","background-size":"auto","background-attachment":"scroll","background-type":"","background-media":"","overlay-type":"","overlay-color":"","overlay-opacity":"","overlay-gradient":""}},"ast-content-background-meta":{"desktop":{"background-color":"var(--ast-global-color-5)","background-image":"","background-repeat":"repeat","background-position":"center center","background-size":"auto","background-attachment":"scroll","background-type":"","background-media":"","overlay-type":"","overlay-color":"","overlay-opacity":"","overlay-gradient":""},"tablet":{"background-color":"var(--ast-global-color-5)","background-image":"","background-repeat":"repeat","background-position":"center center","background-size":"auto","background-attachment":"scroll","background-type":"","background-media":"","overlay-type":"","overlay-color":"","overlay-opacity":"","overlay-gradient":""},"mobile":{"background-color":"var(--ast-global-color-5)","background-image":"","background-repeat":"repeat","background-position":"center center","background-size":"auto","background-attachment":"scroll","background-type":"","background-media":"","overlay-type":"","overlay-color":"","overlay-opacity":"","overlay-gradient":""}}},"product_brand":[],"product_cat":[423,56,410],"product_tag":[],"class_list":{"0":"post-2356","1":"product","2":"type-product","3":"status-publish","4":"has-post-thumbnail","6":"product_cat-accessoires","7":"product_cat-caissons-et-sacs-de-transport","8":"product_cat-large-display-fr","9":"desktop-align-left","10":"tablet-align-left","11":"mobile-align-left","13":"first","14":"instock","15":"taxable","16":"shipping-taxable","17":"purchasable","18":"product-type-variable"},"acf":[],"_links":{"self":[{"href":"https:\/\/elegantdisplay.ca\/fr\/wp-json\/wp\/v2\/product\/2356","targetHints":{"allow":["GET"]}}],"collection":[{"href":"https:\/\/elegantdisplay.ca\/fr\/wp-json\/wp\/v2\/product"}],"about":[{"href":"https:\/\/elegantdisplay.ca\/fr\/wp-json\/wp\/v2\/types\/product"}],"wp:featuredmedia":[{"embeddable":true,"href":"https:\/\/elegantdisplay.ca\/fr\/wp-json\/wp\/v2\/media\/1885"}],"wp:attachment":[{"href":"https:\/\/elegantdisplay.ca\/fr\/wp-json\/wp\/v2\/media?parent=2356"}],"wp:term":[{"taxonomy":"product_brand","embeddable":true,"href":"https:\/\/elegantdisplay.ca\/fr\/wp-json\/wp\/v2\/product_brand?post=2356"},{"taxonomy":"product_cat","embeddable":true,"href":"https:\/\/elegantdisplay.ca\/fr\/wp-json\/wp\/v2\/product_cat?post=2356"},{"taxonomy":"product_tag","embeddable":true,"href":"https:\/\/elegantdisplay.ca\/fr\/wp-json\/wp\/v2\/product_tag?post=2356"}],"curies":[{"name":"wp","href":"https:\/\/api.w.org\/{rel}","templated":true}]}}