{"id":2390,"date":"2023-09-12T19:01:50","date_gmt":"2023-09-12T23:01:50","guid":{"rendered":"http:\/\/togodisplays.com\/\/product\/stretch-o-cadre-p-t-door\/"},"modified":"2024-06-06T17:38:40","modified_gmt":"2024-06-06T21:38:40","slug":"stretch-o-cadre-p-t-door","status":"publish","type":"product","link":"https:\/\/elegantdisplay.ca\/fr\/shop\/cadres\/stretch-o-cadre-p-t-door\/","title":{"rendered":"Stretch-O-Cadre P-T-Door"},"content":{"rendered":"<p>Portes coulissantes permettant de recouvrir une ouverture de garde-robe, de cr\u00e9er une division entre deux pi\u00e8ces ou encore d\u2019ajouter un espace de rangement suppl\u00e9mentaire dans un bureau. Les portes sont fabriqu\u00e9es \u00e0 partir de cadres en aluminium sur lesquels sont tendues des toiles imprim\u00e9es. Ces derni\u00e8res peuvent \u00eatre remplac\u00e9es en quelques secondes et sans outil gr\u00e2ce au jonc de silicone. Le syst\u00e8me comprend \u00e9galement les rails horizontaux et les roues assurant le mouvement lat\u00e9ral des portes.<\/p>\n<p>Vous pouvez choisir la dimension de vos portes coulissantes dans les formats propos\u00e9s ou encore adapter votre visuel selon vos besoins puisque ces derni\u00e8res peuvent \u00eatre fabriqu\u00e9es sur mesure. Ce syst\u00e8me permet \u00e9galement d&rsquo;installer les portes selon diff\u00e9rents agencements. Contactez notre service \u00e0 la client\u00e8le pour obtenir une soumission.<\/p>\n<p><strong>Tissu<\/strong>: FlexTex &#8211; Tissu extensible, 100 % polyester, infroissable, bonne opacit\u00e9, r\u00e9sistant au feu.<\/p>\n","protected":false},"excerpt":{"rendered":"<p>Portes coulissantes permettant de recouvrir une ouverture de garde-robe, de cr\u00e9er une division entre deux pi\u00e8ces ou encore d\u2019ajouter un espace de rangement suppl\u00e9mentaire dans un bureau. Les portes sont fabriqu\u00e9es \u00e0 partir de cadres en aluminium sur lesquels sont tendues des toiles imprim\u00e9es. Ces derni\u00e8res peuvent \u00eatre remplac\u00e9es en quelques secondes et sans outil gr\u00e2ce au jonc de silicone. Le syst\u00e8me comprend \u00e9galement les rails horizontaux et les roues assurant le mouvement lat\u00e9ral des portes.<\/p>\n","protected":false},"featured_media":1878,"template":"","meta":{"_acf_changed":false,"_seopress_robots_primary_cat":"","_seopress_titles_title":"","_seopress_titles_desc":"","_seopress_robots_index":"","site-sidebar-layout":"default","site-content-layout":"","ast-site-content-layout":"","site-content-style":"default","site-sidebar-style":"default","ast-global-header-display":"","ast-banner-title-visibility":"","ast-main-header-display":"","ast-hfb-above-header-display":"","ast-hfb-below-header-display":"","ast-hfb-mobile-header-display":"","site-post-title":"","ast-breadcrumbs-content":"","ast-featured-img":"","footer-sml-layout":"","theme-transparent-header-meta":"","adv-header-id-meta":"","stick-header-meta":"","header-above-stick-meta":"","header-main-stick-meta":"","header-below-stick-meta":"","astra-migrate-meta-layouts":"default","ast-page-background-enabled":"default","ast-page-background-meta":{"desktop":{"background-color":"var(--ast-global-color-4)","background-image":"","background-repeat":"repeat","background-position":"center center","background-size":"auto","background-attachment":"scroll","background-type":"","background-media":"","overlay-type":"","overlay-color":"","overlay-opacity":"","overlay-gradient":""},"tablet":{"background-color":"","background-image":"","background-repeat":"repeat","background-position":"center center","background-size":"auto","background-attachment":"scroll","background-type":"","background-media":"","overlay-type":"","overlay-color":"","overlay-opacity":"","overlay-gradient":""},"mobile":{"background-color":"","background-image":"","background-repeat":"repeat","background-position":"center center","background-size":"auto","background-attachment":"scroll","background-type":"","background-media":"","overlay-type":"","overlay-color":"","overlay-opacity":"","overlay-gradient":""}},"ast-content-background-meta":{"desktop":{"background-color":"var(--ast-global-color-5)","background-image":"","background-repeat":"repeat","background-position":"center center","background-size":"auto","background-attachment":"scroll","background-type":"","background-media":"","overlay-type":"","overlay-color":"","overlay-opacity":"","overlay-gradient":""},"tablet":{"background-color":"var(--ast-global-color-5)","background-image":"","background-repeat":"repeat","background-position":"center center","background-size":"auto","background-attachment":"scroll","background-type":"","background-media":"","overlay-type":"","overlay-color":"","overlay-opacity":"","overlay-gradient":""},"mobile":{"background-color":"var(--ast-global-color-5)","background-image":"","background-repeat":"repeat","background-position":"center center","background-size":"auto","background-attachment":"scroll","background-type":"","background-media":"","overlay-type":"","overlay-color":"","overlay-opacity":"","overlay-gradient":""}}},"product_brand":[],"product_cat":[58,410],"product_tag":[],"class_list":{"0":"post-2390","1":"product","2":"type-product","3":"status-publish","4":"has-post-thumbnail","6":"product_cat-cadres","7":"product_cat-large-display-fr","8":"desktop-align-left","9":"tablet-align-left","10":"mobile-align-left","12":"first","13":"instock","14":"taxable","15":"shipping-taxable","16":"purchasable","17":"product-type-variable"},"acf":[],"_links":{"self":[{"href":"https:\/\/elegantdisplay.ca\/fr\/wp-json\/wp\/v2\/product\/2390","targetHints":{"allow":["GET"]}}],"collection":[{"href":"https:\/\/elegantdisplay.ca\/fr\/wp-json\/wp\/v2\/product"}],"about":[{"href":"https:\/\/elegantdisplay.ca\/fr\/wp-json\/wp\/v2\/types\/product"}],"wp:featuredmedia":[{"embeddable":true,"href":"https:\/\/elegantdisplay.ca\/fr\/wp-json\/wp\/v2\/media\/1878"}],"wp:attachment":[{"href":"https:\/\/elegantdisplay.ca\/fr\/wp-json\/wp\/v2\/media?parent=2390"}],"wp:term":[{"taxonomy":"product_brand","embeddable":true,"href":"https:\/\/elegantdisplay.ca\/fr\/wp-json\/wp\/v2\/product_brand?post=2390"},{"taxonomy":"product_cat","embeddable":true,"href":"https:\/\/elegantdisplay.ca\/fr\/wp-json\/wp\/v2\/product_cat?post=2390"},{"taxonomy":"product_tag","embeddable":true,"href":"https:\/\/elegantdisplay.ca\/fr\/wp-json\/wp\/v2\/product_tag?post=2390"}],"curies":[{"name":"wp","href":"https:\/\/api.w.org\/{rel}","templated":true}]}}