{"id":2396,"date":"2023-09-12T18:58:00","date_gmt":"2023-09-12T22:58:00","guid":{"rendered":"http:\/\/togodisplays.com\/\/product\/stretch-o-cadre-p-t-46\/"},"modified":"2024-06-06T17:39:09","modified_gmt":"2024-06-06T21:39:09","slug":"stretch-o-cadre-p-t-46","status":"publish","type":"product","link":"https:\/\/elegantdisplay.ca\/fr\/shop\/cadres\/stretch-o-cadre-p-t-46\/","title":{"rendered":"Stretch-O-Cadre P-T-46"},"content":{"rendered":"<p>Un cadre autoportant l\u00e9ger en format vertical pour des projets d\u2019affichage permanent ou temporaire, sans \u00e9clairage inclus, avec impression sur un ou deux c\u00f4t\u00e9s, dans une vari\u00e9t\u00e9 de formats, offert en trois couleurs.<\/p>\n<p>*Fils de suspension ou pieds stabilisateurs non inclus.<\/p>\n<ul>\n<li>Le cadre T-46 Interflex permet d&rsquo;ins\u00e9rer une toile de chaque c\u00f4t\u00e9.<\/li>\n<li>Fabriqu\u00e9 \u00e0 partir d&rsquo;une extrusion en aluminium de 46 mm (1,81\u2033).<\/li>\n<li>N\u00e9cessite des pieds stabilisateurs pour le type autoportant et des fils de suspension (fils de suspension en m\u00e9tal avec quincaillerie) pour le type suspendu. (Non inclus)<\/li>\n<li>Toile avec jonc de silicone cousu sur quatre c\u00f4t\u00e9s pour insertion dans la rainure frontale du cadre.<\/li>\n<li>Permet de changer le visuel rapidement et facilement sans aucun outil.<\/li>\n<li>Peut \u00eatre fabriqu\u00e9 sur mesure en adaptant le visuel selon les besoins.<\/li>\n<li>Possibilit\u00e9 d&rsquo;ajouter une toile non-imprim\u00e9e au dos du cadre et un support pour t\u00e9l\u00e9viseur.<\/li>\n<li>Demandez une soumission aupr\u00e8s du service \u00e0 la client\u00e8le.<\/li>\n<\/ul>\n<p><strong>Tissu<\/strong>: Ez-Tex (vente au d\u00e9tail) &#8211; Tissu tricot\u00e9 avec une \u00e9lasticit\u00e9 adapt\u00e9e, 100 % polyester, offre une opacit\u00e9 id\u00e9ale, r\u00e9sistant au feu FlexTex (salon) &#8211; Tissu extensible, 100 % polyester, infroissable, bonne opacit\u00e9, r\u00e9sistant au feu<\/p>\n","protected":false},"excerpt":{"rendered":"<p>Un cadre autoportant l\u00e9ger en format vertical pour des projets d\u2019affichage permanent ou temporaire, sans \u00e9clairage inclus, avec impression sur un ou deux c\u00f4t\u00e9s, dans une vari\u00e9t\u00e9 de formats, offert en trois couleurs.<\/p>\n<p>*Fils de suspension ou pieds stabilisateurs non inclus.<\/p>\n","protected":false},"featured_media":1877,"template":"","meta":{"_acf_changed":false,"_seopress_robots_primary_cat":"","_seopress_titles_title":"","_seopress_titles_desc":"","_seopress_robots_index":"","site-sidebar-layout":"default","site-content-layout":"","ast-site-content-layout":"","site-content-style":"default","site-sidebar-style":"default","ast-global-header-display":"","ast-banner-title-visibility":"","ast-main-header-display":"","ast-hfb-above-header-display":"","ast-hfb-below-header-display":"","ast-hfb-mobile-header-display":"","site-post-title":"","ast-breadcrumbs-content":"","ast-featured-img":"","footer-sml-layout":"","theme-transparent-header-meta":"","adv-header-id-meta":"","stick-header-meta":"","header-above-stick-meta":"","header-main-stick-meta":"","header-below-stick-meta":"","astra-migrate-meta-layouts":"default","ast-page-background-enabled":"default","ast-page-background-meta":{"desktop":{"background-color":"var(--ast-global-color-4)","background-image":"","background-repeat":"repeat","background-position":"center center","background-size":"auto","background-attachment":"scroll","background-type":"","background-media":"","overlay-type":"","overlay-color":"","overlay-opacity":"","overlay-gradient":""},"tablet":{"background-color":"","background-image":"","background-repeat":"repeat","background-position":"center center","background-size":"auto","background-attachment":"scroll","background-type":"","background-media":"","overlay-type":"","overlay-color":"","overlay-opacity":"","overlay-gradient":""},"mobile":{"background-color":"","background-image":"","background-repeat":"repeat","background-position":"center center","background-size":"auto","background-attachment":"scroll","background-type":"","background-media":"","overlay-type":"","overlay-color":"","overlay-opacity":"","overlay-gradient":""}},"ast-content-background-meta":{"desktop":{"background-color":"var(--ast-global-color-5)","background-image":"","background-repeat":"repeat","background-position":"center center","background-size":"auto","background-attachment":"scroll","background-type":"","background-media":"","overlay-type":"","overlay-color":"","overlay-opacity":"","overlay-gradient":""},"tablet":{"background-color":"var(--ast-global-color-5)","background-image":"","background-repeat":"repeat","background-position":"center center","background-size":"auto","background-attachment":"scroll","background-type":"","background-media":"","overlay-type":"","overlay-color":"","overlay-opacity":"","overlay-gradient":""},"mobile":{"background-color":"var(--ast-global-color-5)","background-image":"","background-repeat":"repeat","background-position":"center center","background-size":"auto","background-attachment":"scroll","background-type":"","background-media":"","overlay-type":"","overlay-color":"","overlay-opacity":"","overlay-gradient":""}}},"product_brand":[],"product_cat":[58,410],"product_tag":[],"class_list":{"0":"post-2396","1":"product","2":"type-product","3":"status-publish","4":"has-post-thumbnail","6":"product_cat-cadres","7":"product_cat-large-display-fr","8":"desktop-align-left","9":"tablet-align-left","10":"mobile-align-left","12":"first","13":"instock","14":"taxable","15":"shipping-taxable","16":"purchasable","17":"product-type-variable"},"acf":[],"_links":{"self":[{"href":"https:\/\/elegantdisplay.ca\/fr\/wp-json\/wp\/v2\/product\/2396","targetHints":{"allow":["GET"]}}],"collection":[{"href":"https:\/\/elegantdisplay.ca\/fr\/wp-json\/wp\/v2\/product"}],"about":[{"href":"https:\/\/elegantdisplay.ca\/fr\/wp-json\/wp\/v2\/types\/product"}],"wp:featuredmedia":[{"embeddable":true,"href":"https:\/\/elegantdisplay.ca\/fr\/wp-json\/wp\/v2\/media\/1877"}],"wp:attachment":[{"href":"https:\/\/elegantdisplay.ca\/fr\/wp-json\/wp\/v2\/media?parent=2396"}],"wp:term":[{"taxonomy":"product_brand","embeddable":true,"href":"https:\/\/elegantdisplay.ca\/fr\/wp-json\/wp\/v2\/product_brand?post=2396"},{"taxonomy":"product_cat","embeddable":true,"href":"https:\/\/elegantdisplay.ca\/fr\/wp-json\/wp\/v2\/product_cat?post=2396"},{"taxonomy":"product_tag","embeddable":true,"href":"https:\/\/elegantdisplay.ca\/fr\/wp-json\/wp\/v2\/product_tag?post=2396"}],"curies":[{"name":"wp","href":"https:\/\/api.w.org\/{rel}","templated":true}]}}