{"id":2445,"date":"2023-09-12T18:54:17","date_gmt":"2023-09-12T22:54:17","guid":{"rendered":"http:\/\/togodisplays.com\/\/product\/stretch-o-cadre-p-t-17\/"},"modified":"2024-06-06T17:39:58","modified_gmt":"2024-06-06T21:39:58","slug":"interflex-frame-t-17","status":"publish","type":"product","link":"https:\/\/elegantdisplay.ca\/fr\/shop\/cadres\/interflex-frame-t-17\/","title":{"rendered":"Stretch-O-Cadre P-T-17"},"content":{"rendered":"<p>Il s\u2019agit d\u2019un cadre destin\u00e9 \u00e0 \u00eatre fix\u00e9 \u00e0 un mur et dont la structure est constitu\u00e9e d\u2019une extrusion en aluminium de 17 mm (0,67\u2033). Il constitue une option int\u00e9ressante pour la d\u00e9coration int\u00e9rieure r\u00e9sidentielle, en plus d\u2019\u00eatre utile en milieu commercial, institutionnel, corporatif et autres lieux qu\u2019on souhaite rendre attrayants.<\/p>\n<ul>\n<li>La toile imprim\u00e9e y est install\u00e9e \u00e0 l\u2019aide d\u2019un jonc de silicone cousu sur les quatre c\u00f4t\u00e9s et ins\u00e9r\u00e9 dans la rainure frontale du cadre.<\/li>\n<li>Offert en trois couleurs et dans une vari\u00e9t\u00e9 de dimensions.<\/li>\n<li>Peut \u00eatre fabriqu\u00e9 sur mesure \u00e9galement selon les besoins.<\/li>\n<li>Possibilit\u00e9 de changer la toile facilement sans outils.<\/li>\n<li>Pas d\u2019\u00e9clairage int\u00e9rieur pour ce mod\u00e8le.<\/li>\n<li>Pas besoin d\u2019une toile pour le verso puisque fix\u00e9 au mur.<\/li>\n<li>Peut \u00eatre simplement accroch\u00e9 ou encore viss\u00e9 au mur.<\/li>\n<li>Demandez une soumission aupr\u00e8s du service \u00e0 la client\u00e8le.<\/li>\n<\/ul>\n<p><strong>Tissu<\/strong>:<\/p>\n<ul>\n<li>Ez-Tex (vente au d\u00e9tail) &#8211; Tissu tricot\u00e9 avec une \u00e9lasticit\u00e9 adapt\u00e9e, 100% polyester, offre une opacit\u00e9 id\u00e9ale, r\u00e9sistant au feu<\/li>\n<li>FlexTex (salon) &#8211; Tissu extensible, 100 % polyester, infroissable, bonne opacit\u00e9, r\u00e9sistant au feu.<\/li>\n<\/ul>\n","protected":false},"excerpt":{"rendered":"<p>Il s\u2019agit d\u2019un cadre destin\u00e9 \u00e0 \u00eatre fix\u00e9 \u00e0 un mur et dont la structure est constitu\u00e9e d\u2019une extrusion en aluminium de 17 mm (0,67\u2033). Il constitue une option int\u00e9ressante pour la d\u00e9coration int\u00e9rieure r\u00e9sidentielle, en plus d\u2019\u00eatre utile en milieu commercial, institutionnel, corporatif et autres lieux qu\u2019on souhaite rendre attrayants.<\/p>\n","protected":false},"featured_media":1876,"template":"","meta":{"_acf_changed":false,"_seopress_robots_primary_cat":"","_seopress_titles_title":"","_seopress_titles_desc":"","_seopress_robots_index":"","site-sidebar-layout":"default","site-content-layout":"","ast-site-content-layout":"","site-content-style":"default","site-sidebar-style":"default","ast-global-header-display":"","ast-banner-title-visibility":"","ast-main-header-display":"","ast-hfb-above-header-display":"","ast-hfb-below-header-display":"","ast-hfb-mobile-header-display":"","site-post-title":"","ast-breadcrumbs-content":"","ast-featured-img":"","footer-sml-layout":"","theme-transparent-header-meta":"","adv-header-id-meta":"","stick-header-meta":"","header-above-stick-meta":"","header-main-stick-meta":"","header-below-stick-meta":"","astra-migrate-meta-layouts":"default","ast-page-background-enabled":"default","ast-page-background-meta":{"desktop":{"background-color":"var(--ast-global-color-4)","background-image":"","background-repeat":"repeat","background-position":"center center","background-size":"auto","background-attachment":"scroll","background-type":"","background-media":"","overlay-type":"","overlay-color":"","overlay-opacity":"","overlay-gradient":""},"tablet":{"background-color":"","background-image":"","background-repeat":"repeat","background-position":"center center","background-size":"auto","background-attachment":"scroll","background-type":"","background-media":"","overlay-type":"","overlay-color":"","overlay-opacity":"","overlay-gradient":""},"mobile":{"background-color":"","background-image":"","background-repeat":"repeat","background-position":"center center","background-size":"auto","background-attachment":"scroll","background-type":"","background-media":"","overlay-type":"","overlay-color":"","overlay-opacity":"","overlay-gradient":""}},"ast-content-background-meta":{"desktop":{"background-color":"var(--ast-global-color-5)","background-image":"","background-repeat":"repeat","background-position":"center center","background-size":"auto","background-attachment":"scroll","background-type":"","background-media":"","overlay-type":"","overlay-color":"","overlay-opacity":"","overlay-gradient":""},"tablet":{"background-color":"var(--ast-global-color-5)","background-image":"","background-repeat":"repeat","background-position":"center center","background-size":"auto","background-attachment":"scroll","background-type":"","background-media":"","overlay-type":"","overlay-color":"","overlay-opacity":"","overlay-gradient":""},"mobile":{"background-color":"var(--ast-global-color-5)","background-image":"","background-repeat":"repeat","background-position":"center center","background-size":"auto","background-attachment":"scroll","background-type":"","background-media":"","overlay-type":"","overlay-color":"","overlay-opacity":"","overlay-gradient":""}}},"product_brand":[],"product_cat":[58,410],"product_tag":[],"class_list":{"0":"post-2445","1":"product","2":"type-product","3":"status-publish","4":"has-post-thumbnail","6":"product_cat-cadres","7":"product_cat-large-display-fr","8":"desktop-align-left","9":"tablet-align-left","10":"mobile-align-left","12":"first","13":"instock","14":"taxable","15":"shipping-taxable","16":"purchasable","17":"product-type-variable"},"acf":[],"_links":{"self":[{"href":"https:\/\/elegantdisplay.ca\/fr\/wp-json\/wp\/v2\/product\/2445","targetHints":{"allow":["GET"]}}],"collection":[{"href":"https:\/\/elegantdisplay.ca\/fr\/wp-json\/wp\/v2\/product"}],"about":[{"href":"https:\/\/elegantdisplay.ca\/fr\/wp-json\/wp\/v2\/types\/product"}],"wp:featuredmedia":[{"embeddable":true,"href":"https:\/\/elegantdisplay.ca\/fr\/wp-json\/wp\/v2\/media\/1876"}],"wp:attachment":[{"href":"https:\/\/elegantdisplay.ca\/fr\/wp-json\/wp\/v2\/media?parent=2445"}],"wp:term":[{"taxonomy":"product_brand","embeddable":true,"href":"https:\/\/elegantdisplay.ca\/fr\/wp-json\/wp\/v2\/product_brand?post=2445"},{"taxonomy":"product_cat","embeddable":true,"href":"https:\/\/elegantdisplay.ca\/fr\/wp-json\/wp\/v2\/product_cat?post=2445"},{"taxonomy":"product_tag","embeddable":true,"href":"https:\/\/elegantdisplay.ca\/fr\/wp-json\/wp\/v2\/product_tag?post=2445"}],"curies":[{"name":"wp","href":"https:\/\/api.w.org\/{rel}","templated":true}]}}