{"id":2509,"date":"2023-09-11T20:17:47","date_gmt":"2023-09-12T00:17:47","guid":{"rendered":"http:\/\/togodisplays.com\/\/product\/stretch-o-cadre-p-t-120\/"},"modified":"2024-06-06T17:40:53","modified_gmt":"2024-06-06T21:40:53","slug":"stretch-o-cadre-p-t-120","status":"publish","type":"product","link":"https:\/\/elegantdisplay.ca\/fr\/shop\/materiel-promotionnel-evenementiel\/stretch-o-cadre-p-t-120\/","title":{"rendered":"Stretch-O-Cadre P-T-120"},"content":{"rendered":"<p>Un bo\u00eetier lumineux pour des utilisations vari\u00e9es avec toile imprim\u00e9e en recto seulement ou des deux c\u00f4t\u00e9s, offert dans divers formats et en trois couleurs. Une valeur s\u00fbre pour qui appr\u00e9cie la vari\u00e9t\u00e9.<\/p>\n<p>*Fils de suspension ou pieds stabilisateurs non inclus.<\/p>\n<ul>\n<li>Cadre fabriqu\u00e9 \u00e0 partir d\u2019une extrusion en aluminium de 120 mm (4,72\u2032\u2032).<\/li>\n<li>N\u00e9cessite des pieds stabilisateurs pour le type autoportant ou le kit de fils de suspension (fils de suspension m\u00e9talliques avec quincaillerie) pour le type suspendu. (Non inclus)<\/li>\n<li>Id\u00e9al pour les plus grands formats.<\/li>\n<li>Permet d\u2019ins\u00e9rer une toile de chaque c\u00f4t\u00e9.<\/li>\n<li>Un jonc de silicone aux quatre c\u00f4t\u00e9s permet de changer le visuel facilement sans aide d\u2019outils.<\/li>\n<li>Le mod\u00e8le recto seulement vient avec une toile opaque au dos.<\/li>\n<li>On peut choisir la dimension du bo\u00eetier dans les formats propos\u00e9s ou encore adapter le visuel selon les besoins puisque le boitier peut \u00eatre fabriqu\u00e9 sur mesure.<\/li>\n<li>\u00c9clairage int\u00e9gr\u00e9 de type Edgelite.<\/li>\n<li>Modules DEL install\u00e9s \u00e0 l\u2019int\u00e9rieur de l\u2019extrusion tout autour du bo\u00eetier.<\/li>\n<li>Transformateurs plac\u00e9s \u00e0 l&rsquo;ext\u00e9rieur du bo\u00eetier.<\/li>\n<li>Besoin de confirmer l&rsquo;endroit de la sortie de fil ainsi que la longueur de fil requise (avant et apr\u00e8s les transformateurs).<\/li>\n<li>Gradateur et interrupteur de mise en marche disponibles sur demande.<\/li>\n<li>Demandez une soumission aupr\u00e8s du service \u00e0 la client\u00e8le.<\/li>\n<\/ul>\n<p><strong>Tissu<\/strong>:<\/p>\n<ul>\n<li>Briteray (vente au d\u00e9tail) &#8211; Tissu tricot\u00e9 \u00e0 la cha\u00eene, 100 % polyester, r\u00e9fl\u00e9chit la lumi\u00e8re, r\u00e9sistant au feu<\/li>\n<li>Ultralight (salon) &#8211; Tissu extensible et infroissable, laissant passer la lumi\u00e8re, r\u00e9sistant au feu<\/li>\n<\/ul>\n","protected":false},"excerpt":{"rendered":"<p>Un bo\u00eetier lumineux pour des utilisations vari\u00e9es avec toile imprim\u00e9e en recto seulement ou des deux c\u00f4t\u00e9s, offert dans divers formats et en trois couleurs. Une valeur s\u00fbre pour qui appr\u00e9cie la vari\u00e9t\u00e9.<\/p>\n<p>*Fils de suspension ou pieds stabilisateurs non inclus.<\/p>\n","protected":false},"featured_media":1875,"template":"","meta":{"_acf_changed":false,"_seopress_robots_primary_cat":"","_seopress_titles_title":"","_seopress_titles_desc":"","_seopress_robots_index":"","site-sidebar-layout":"default","site-content-layout":"","ast-site-content-layout":"","site-content-style":"default","site-sidebar-style":"default","ast-global-header-display":"","ast-banner-title-visibility":"","ast-main-header-display":"","ast-hfb-above-header-display":"","ast-hfb-below-header-display":"","ast-hfb-mobile-header-display":"","site-post-title":"","ast-breadcrumbs-content":"","ast-featured-img":"","footer-sml-layout":"","theme-transparent-header-meta":"","adv-header-id-meta":"","stick-header-meta":"","header-above-stick-meta":"","header-main-stick-meta":"","header-below-stick-meta":"","astra-migrate-meta-layouts":"default","ast-page-background-enabled":"default","ast-page-background-meta":{"desktop":{"background-color":"var(--ast-global-color-4)","background-image":"","background-repeat":"repeat","background-position":"center center","background-size":"auto","background-attachment":"scroll","background-type":"","background-media":"","overlay-type":"","overlay-color":"","overlay-opacity":"","overlay-gradient":""},"tablet":{"background-color":"","background-image":"","background-repeat":"repeat","background-position":"center center","background-size":"auto","background-attachment":"scroll","background-type":"","background-media":"","overlay-type":"","overlay-color":"","overlay-opacity":"","overlay-gradient":""},"mobile":{"background-color":"","background-image":"","background-repeat":"repeat","background-position":"center center","background-size":"auto","background-attachment":"scroll","background-type":"","background-media":"","overlay-type":"","overlay-color":"","overlay-opacity":"","overlay-gradient":""}},"ast-content-background-meta":{"desktop":{"background-color":"var(--ast-global-color-5)","background-image":"","background-repeat":"repeat","background-position":"center center","background-size":"auto","background-attachment":"scroll","background-type":"","background-media":"","overlay-type":"","overlay-color":"","overlay-opacity":"","overlay-gradient":""},"tablet":{"background-color":"var(--ast-global-color-5)","background-image":"","background-repeat":"repeat","background-position":"center center","background-size":"auto","background-attachment":"scroll","background-type":"","background-media":"","overlay-type":"","overlay-color":"","overlay-opacity":"","overlay-gradient":""},"mobile":{"background-color":"var(--ast-global-color-5)","background-image":"","background-repeat":"repeat","background-position":"center center","background-size":"auto","background-attachment":"scroll","background-type":"","background-media":"","overlay-type":"","overlay-color":"","overlay-opacity":"","overlay-gradient":""}}},"product_brand":[],"product_cat":[52,410,59,51,53],"product_tag":[],"class_list":{"0":"post-2509","1":"product","2":"type-product","3":"status-publish","4":"has-post-thumbnail","6":"product_cat-equipement-fournitures","7":"product_cat-large-display-fr","8":"product_cat-boitiers-lumineux","9":"product_cat-materiel-promotionnel-evenementiel","10":"product_cat-salons-expositions","11":"desktop-align-left","12":"tablet-align-left","13":"mobile-align-left","15":"first","16":"instock","17":"taxable","18":"shipping-taxable","19":"purchasable","20":"product-type-variable"},"acf":[],"_links":{"self":[{"href":"https:\/\/elegantdisplay.ca\/fr\/wp-json\/wp\/v2\/product\/2509","targetHints":{"allow":["GET"]}}],"collection":[{"href":"https:\/\/elegantdisplay.ca\/fr\/wp-json\/wp\/v2\/product"}],"about":[{"href":"https:\/\/elegantdisplay.ca\/fr\/wp-json\/wp\/v2\/types\/product"}],"wp:featuredmedia":[{"embeddable":true,"href":"https:\/\/elegantdisplay.ca\/fr\/wp-json\/wp\/v2\/media\/1875"}],"wp:attachment":[{"href":"https:\/\/elegantdisplay.ca\/fr\/wp-json\/wp\/v2\/media?parent=2509"}],"wp:term":[{"taxonomy":"product_brand","embeddable":true,"href":"https:\/\/elegantdisplay.ca\/fr\/wp-json\/wp\/v2\/product_brand?post=2509"},{"taxonomy":"product_cat","embeddable":true,"href":"https:\/\/elegantdisplay.ca\/fr\/wp-json\/wp\/v2\/product_cat?post=2509"},{"taxonomy":"product_tag","embeddable":true,"href":"https:\/\/elegantdisplay.ca\/fr\/wp-json\/wp\/v2\/product_tag?post=2509"}],"curies":[{"name":"wp","href":"https:\/\/api.w.org\/{rel}","templated":true}]}}