{"id":2865,"date":"2023-09-11T20:07:56","date_gmt":"2023-09-12T00:07:56","guid":{"rendered":"http:\/\/togodisplays.com\/\/product\/tente-produit-en-chine\/"},"modified":"2024-06-06T17:47:52","modified_gmt":"2024-06-06T21:47:52","slug":"tente-produite-en-chine","status":"publish","type":"product","link":"https:\/\/elegantdisplay.ca\/fr\/shop\/tentes-corporatives\/tente-produite-en-chine\/","title":{"rendered":"Tente &#8211; Produit en Chine"},"content":{"rendered":"<p>Avec sa structure l\u00e9g\u00e8re, ses poteaux en aluminium de 40 mm ou 50 mm, son m\u00e9canisme ultrar\u00e9sistant en polym\u00e8re, son mat t\u00e9lescopique et ses pattes ajustables, la tente s\u2019av\u00e8re le produit parfait pour vos \u00e9v\u00e9nements. Plusieurs dimensions sont disponibles, mais la plus populaire est la 10\u2019x10\u2032. Il est possible de commander un mur de fond et des murs de c\u00f4t\u00e9s ou demi-murs, au besoin.<\/p>\n<p>Toile imprim\u00e9e et cousue \u00e0 100% en Chine par nos partenaires.<\/p>\n<p>Outil promotionnel par excellence, la tente sublim\u00e9e et personnalis\u00e9e est \u00e0 la fois attrayante et utile. Elle attire le regard au premier coup d&rsquo;\u0153il et sert en m\u00eame temps d&rsquo;abri, ce qui est tr\u00e8s pratique avec les conditions climatiques changeantes du Qu\u00e9bec.<\/p>\n<p><strong>Tissu<\/strong>: Tissu de tente &#8211; Tissu tiss\u00e9, 100 % polyester, enduit d&rsquo;acrylique sur une face, r\u00e9sistant \u00e0 l&rsquo;eau, mat, ignifuge.<\/p>\n","protected":false},"excerpt":{"rendered":"<p>Avec sa structure l\u00e9g\u00e8re, ses poteaux en aluminium de 40 mm ou 50 mm, son m\u00e9canisme ultrar\u00e9sistant en polym\u00e8re, son mat t\u00e9lescopique et ses pattes ajustables, la tente s\u2019av\u00e8re le produit parfait pour vos \u00e9v\u00e9nements. Plusieurs dimensions sont disponibles, mais la plus populaire est la 10\u2019x10\u2032. Il est possible de commander un mur de fond et des murs de c\u00f4t\u00e9s ou demi-murs, au besoin.<\/p>\n<p>Toile imprim\u00e9e et cousue \u00e0 100% en Chine par nos partenaires.<\/p>\n","protected":false},"featured_media":1871,"template":"","meta":{"_acf_changed":false,"_seopress_robots_primary_cat":"","_seopress_titles_title":"","_seopress_titles_desc":"","_seopress_robots_index":"","site-sidebar-layout":"default","site-content-layout":"","ast-site-content-layout":"","site-content-style":"default","site-sidebar-style":"default","ast-global-header-display":"","ast-banner-title-visibility":"","ast-main-header-display":"","ast-hfb-above-header-display":"","ast-hfb-below-header-display":"","ast-hfb-mobile-header-display":"","site-post-title":"","ast-breadcrumbs-content":"","ast-featured-img":"","footer-sml-layout":"","theme-transparent-header-meta":"","adv-header-id-meta":"","stick-header-meta":"","header-above-stick-meta":"","header-main-stick-meta":"","header-below-stick-meta":"","astra-migrate-meta-layouts":"default","ast-page-background-enabled":"default","ast-page-background-meta":{"desktop":{"background-color":"var(--ast-global-color-4)","background-image":"","background-repeat":"repeat","background-position":"center center","background-size":"auto","background-attachment":"scroll","background-type":"","background-media":"","overlay-type":"","overlay-color":"","overlay-opacity":"","overlay-gradient":""},"tablet":{"background-color":"","background-image":"","background-repeat":"repeat","background-position":"center center","background-size":"auto","background-attachment":"scroll","background-type":"","background-media":"","overlay-type":"","overlay-color":"","overlay-opacity":"","overlay-gradient":""},"mobile":{"background-color":"","background-image":"","background-repeat":"repeat","background-position":"center center","background-size":"auto","background-attachment":"scroll","background-type":"","background-media":"","overlay-type":"","overlay-color":"","overlay-opacity":"","overlay-gradient":""}},"ast-content-background-meta":{"desktop":{"background-color":"var(--ast-global-color-5)","background-image":"","background-repeat":"repeat","background-position":"center center","background-size":"auto","background-attachment":"scroll","background-type":"","background-media":"","overlay-type":"","overlay-color":"","overlay-opacity":"","overlay-gradient":""},"tablet":{"background-color":"var(--ast-global-color-5)","background-image":"","background-repeat":"repeat","background-position":"center center","background-size":"auto","background-attachment":"scroll","background-type":"","background-media":"","overlay-type":"","overlay-color":"","overlay-opacity":"","overlay-gradient":""},"mobile":{"background-color":"var(--ast-global-color-5)","background-image":"","background-repeat":"repeat","background-position":"center center","background-size":"auto","background-attachment":"scroll","background-type":"","background-media":"","overlay-type":"","overlay-color":"","overlay-opacity":"","overlay-gradient":""}}},"product_brand":[],"product_cat":[410,49],"product_tag":[],"class_list":{"0":"post-2865","1":"product","2":"type-product","3":"status-publish","4":"has-post-thumbnail","6":"product_cat-large-display-fr","7":"product_cat-tentes-corporatives","8":"desktop-align-left","9":"tablet-align-left","10":"mobile-align-left","12":"first","13":"instock","14":"taxable","15":"shipping-taxable","16":"purchasable","17":"product-type-variable"},"acf":[],"_links":{"self":[{"href":"https:\/\/elegantdisplay.ca\/fr\/wp-json\/wp\/v2\/product\/2865","targetHints":{"allow":["GET"]}}],"collection":[{"href":"https:\/\/elegantdisplay.ca\/fr\/wp-json\/wp\/v2\/product"}],"about":[{"href":"https:\/\/elegantdisplay.ca\/fr\/wp-json\/wp\/v2\/types\/product"}],"wp:featuredmedia":[{"embeddable":true,"href":"https:\/\/elegantdisplay.ca\/fr\/wp-json\/wp\/v2\/media\/1871"}],"wp:attachment":[{"href":"https:\/\/elegantdisplay.ca\/fr\/wp-json\/wp\/v2\/media?parent=2865"}],"wp:term":[{"taxonomy":"product_brand","embeddable":true,"href":"https:\/\/elegantdisplay.ca\/fr\/wp-json\/wp\/v2\/product_brand?post=2865"},{"taxonomy":"product_cat","embeddable":true,"href":"https:\/\/elegantdisplay.ca\/fr\/wp-json\/wp\/v2\/product_cat?post=2865"},{"taxonomy":"product_tag","embeddable":true,"href":"https:\/\/elegantdisplay.ca\/fr\/wp-json\/wp\/v2\/product_tag?post=2865"}],"curies":[{"name":"wp","href":"https:\/\/api.w.org\/{rel}","templated":true}]}}