{"id":3072,"date":"2023-09-04T21:01:29","date_gmt":"2023-09-05T01:01:29","guid":{"rendered":"http:\/\/togodisplays.com\/\/product\/cadre-alulight\/"},"modified":"2025-08-12T10:47:47","modified_gmt":"2025-08-12T14:47:47","slug":"alulight","status":"publish","type":"product","link":"https:\/\/elegantdisplay.ca\/fr\/shop\/materiel-promotionnel-evenementiel\/alulight\/","title":{"rendered":"AluLight"},"content":{"rendered":"<p>Les boitiers lumineux en tissu AluLight sont dot\u00e9s de cadres en aluminium extrud\u00e9 durables, de graphiques en tissu r\u00e9tro\u00e9clair\u00e9s \u00e0 embo\u00eetement et d&rsquo;un \u00e9clairage sup\u00e9rieur et inf\u00e9rieur \u00e0 LED. Des options graphiques recto ou recto-verso sont disponibles. Les lumi\u00e8res LED sont coll\u00e9es au cadre, ce qui rend l&rsquo;installation aussi simple que d&rsquo;assembler le cadre, d&rsquo;appliquer les graphiques \u00e0 embo\u00eetement et de brancher le cordon \u00e9lectrique!  <\/p>\n<ul>\n<li>Ce boitier lumineux vient avec un sac de transport sur roulette (dimensions 54&Prime; X 24&Prime; X 7&Prime;).<\/li>\n<li>Id\u00e9al pour les salles d&rsquo;exposition.<\/li>\n<li>39&Prime; x 78.75&Prime;, 39&Prime; X 96&Prime;, 96\u00a0\u00bb x 96\u00a0\u00bb (8&prime;) et 120&Prime; x 96&Prime; (10&prime;) disponibles en inventaire.<\/li>\n<li>Assemblage facile sans outil.<\/li>\n<\/ul>\n<p><strong>Tissu<\/strong>: Ultral\u00e9ger &#8211; Tissu extensible anti-froissable, laissant passer la lumi\u00e8re, ignifuge<\/p>\n","protected":false},"excerpt":{"rendered":"<p>Les boitiers lumineux en tissu AluLight sont dot\u00e9s de cadres en aluminium extrud\u00e9 durables, de graphiques en tissu r\u00e9tro\u00e9clair\u00e9s \u00e0 embo\u00eetement et d&rsquo;un \u00e9clairage sup\u00e9rieur et inf\u00e9rieur \u00e0 LED. Des options graphiques recto ou recto-verso sont disponibles. Les lumi\u00e8res LED sont coll\u00e9es au cadre, ce qui rend l&rsquo;installation aussi simple que d&rsquo;assembler le cadre, d&rsquo;appliquer les graphiques \u00e0 embo\u00eetement et de brancher le cordon \u00e9lectrique!  <\/p>\n","protected":false},"featured_media":1838,"template":"","meta":{"_acf_changed":false,"_seopress_robots_primary_cat":"none","_seopress_titles_title":"","_seopress_titles_desc":"","_seopress_robots_index":"","site-sidebar-layout":"default","site-content-layout":"","ast-site-content-layout":"default","site-content-style":"default","site-sidebar-style":"default","ast-global-header-display":"","ast-banner-title-visibility":"","ast-main-header-display":"","ast-hfb-above-header-display":"","ast-hfb-below-header-display":"","ast-hfb-mobile-header-display":"","site-post-title":"","ast-breadcrumbs-content":"","ast-featured-img":"","footer-sml-layout":"","theme-transparent-header-meta":"default","adv-header-id-meta":"","stick-header-meta":"","header-above-stick-meta":"","header-main-stick-meta":"","header-below-stick-meta":"","astra-migrate-meta-layouts":"set","ast-page-background-enabled":"default","ast-page-background-meta":{"desktop":{"background-color":"var(--ast-global-color-4)","background-image":"","background-repeat":"repeat","background-position":"center center","background-size":"auto","background-attachment":"scroll","background-type":"","background-media":"","overlay-type":"","overlay-color":"","overlay-opacity":"","overlay-gradient":""},"tablet":{"background-color":"","background-image":"","background-repeat":"repeat","background-position":"center center","background-size":"auto","background-attachment":"scroll","background-type":"","background-media":"","overlay-type":"","overlay-color":"","overlay-opacity":"","overlay-gradient":""},"mobile":{"background-color":"","background-image":"","background-repeat":"repeat","background-position":"center center","background-size":"auto","background-attachment":"scroll","background-type":"","background-media":"","overlay-type":"","overlay-color":"","overlay-opacity":"","overlay-gradient":""}},"ast-content-background-meta":{"desktop":{"background-color":"var(--ast-global-color-5)","background-image":"","background-repeat":"repeat","background-position":"center center","background-size":"auto","background-attachment":"scroll","background-type":"","background-media":"","overlay-type":"","overlay-color":"","overlay-opacity":"","overlay-gradient":""},"tablet":{"background-color":"var(--ast-global-color-5)","background-image":"","background-repeat":"repeat","background-position":"center center","background-size":"auto","background-attachment":"scroll","background-type":"","background-media":"","overlay-type":"","overlay-color":"","overlay-opacity":"","overlay-gradient":""},"mobile":{"background-color":"var(--ast-global-color-5)","background-image":"","background-repeat":"repeat","background-position":"center center","background-size":"auto","background-attachment":"scroll","background-type":"","background-media":"","overlay-type":"","overlay-color":"","overlay-opacity":"","overlay-gradient":""}}},"product_brand":[],"product_cat":[59,51],"product_tag":[],"class_list":{"0":"post-3072","1":"product","2":"type-product","3":"status-publish","4":"has-post-thumbnail","6":"product_cat-boitiers-lumineux","7":"product_cat-materiel-promotionnel-evenementiel","8":"desktop-align-left","9":"tablet-align-left","10":"mobile-align-left","12":"first","13":"instock","14":"taxable","15":"shipping-taxable","16":"purchasable","17":"product-type-variable"},"acf":[],"_links":{"self":[{"href":"https:\/\/elegantdisplay.ca\/fr\/wp-json\/wp\/v2\/product\/3072","targetHints":{"allow":["GET"]}}],"collection":[{"href":"https:\/\/elegantdisplay.ca\/fr\/wp-json\/wp\/v2\/product"}],"about":[{"href":"https:\/\/elegantdisplay.ca\/fr\/wp-json\/wp\/v2\/types\/product"}],"wp:featuredmedia":[{"embeddable":true,"href":"https:\/\/elegantdisplay.ca\/fr\/wp-json\/wp\/v2\/media\/1838"}],"wp:attachment":[{"href":"https:\/\/elegantdisplay.ca\/fr\/wp-json\/wp\/v2\/media?parent=3072"}],"wp:term":[{"taxonomy":"product_brand","embeddable":true,"href":"https:\/\/elegantdisplay.ca\/fr\/wp-json\/wp\/v2\/product_brand?post=3072"},{"taxonomy":"product_cat","embeddable":true,"href":"https:\/\/elegantdisplay.ca\/fr\/wp-json\/wp\/v2\/product_cat?post=3072"},{"taxonomy":"product_tag","embeddable":true,"href":"https:\/\/elegantdisplay.ca\/fr\/wp-json\/wp\/v2\/product_tag?post=3072"}],"curies":[{"name":"wp","href":"https:\/\/api.w.org\/{rel}","templated":true}]}}