{"id":3110,"date":"2023-09-04T19:57:06","date_gmt":"2023-09-04T23:57:06","guid":{"rendered":"http:\/\/togodisplays.com\/\/product\/drapeau-square\/"},"modified":"2025-07-12T11:26:43","modified_gmt":"2025-07-12T15:26:43","slug":"square","status":"publish","type":"product","link":"https:\/\/elegantdisplay.ca\/fr\/shop\/materiel-promotionnel-evenementiel\/square\/","title":{"rendered":"Drapeau Square"},"content":{"rendered":"<p>Le drapeau Square est populaire en raison de sa grande surface. On l\u2019utilise dans de nombreuses circonstances, autant \u00e0 l\u2019ext\u00e9rieur qu\u2019\u00e0 l\u2019int\u00e9rieur. Son tissu imprim\u00e9 est de forme rectangulaire et permet des concepts verticaux. Offert dans trois (3) formats standards.<\/p>\n<p>*Base non comprise. <a href=\"https:\/\/elegantdisplay.ca\/fr\/product-category\/bases-et-pesees\/\">Base requise<\/a>.<\/p>\n<ul>\n<li>Le plus versatile des mod\u00e8les de drapeaux promotionnels en raison de sa forme et de sa surface d\u2019impression.<span class=\"Apple-converted-space\"> <\/span><\/li>\n<li>Les drapeaux promotionnels sont mont\u00e9s sur un m\u00e2t en aluminium et sont con\u00e7us pour r\u00e9sister au vent et aux intemp\u00e9ries en ext\u00e9rieur.<span class=\"Apple-converted-space\"> <\/span><\/li>\n<li>Id\u00e9al pour une multitude d&rsquo;occasions : \u00e0 l&rsquo;ext\u00e9rieur lors des \u00e9v\u00e8nements, devant un commerce, lors des activit\u00e9s en toutes saisons, etc.<\/li>\n<li>L\u00e9gers et pratiques, ils sont faciles \u00e0 installer gr\u00e2ce \u00e0 leur syst\u00e8me t\u00e9lescopique.<\/li>\n<li>L&rsquo;impression est possible en recto ou recto-verso, au choix.<span class=\"Apple-converted-space\"> <\/span><\/li>\n<li>Options de pes\u00e9es : sac d&rsquo;eau ou sac de sable.<span class=\"Apple-converted-space\"> <\/span><\/li>\n<li>Les options &lsquo;avec structure&rsquo; incluent un sac de transport pour votre drapeau.<span class=\"Apple-converted-space\"> <\/span><\/li>\n<li>Demandez une soumission aupr\u00e8s du service \u00e0 la client\u00e8le.<\/li>\n<\/ul>\n<p><strong>Tissu<\/strong>: Tissu du drapeau &#8211; Tissu tricot\u00e9 en cha\u00eene, 100 % polyester, l\u00e9ger, ignifuge<\/p>\n","protected":false},"excerpt":{"rendered":"<p>Le drapeau Square est populaire en raison de sa grande surface. On l\u2019utilise dans de nombreuses circonstances, autant \u00e0 l\u2019ext\u00e9rieur qu\u2019\u00e0 l\u2019int\u00e9rieur. Son tissu imprim\u00e9 est de forme rectangulaire et permet des concepts verticaux. Offert dans trois (3) formats standards.<\/p>\n<p>*Base non comprise. <a href=\"https:\/\/elegantdisplay.ca\/fr\/product-category\/bases-et-pesees\/\">Base requise<\/a>.<\/p>\n","protected":false},"featured_media":1830,"template":"","meta":{"_acf_changed":false,"_seopress_robots_primary_cat":"none","_seopress_titles_title":"","_seopress_titles_desc":"","_seopress_robots_index":"","site-sidebar-layout":"default","site-content-layout":"","ast-site-content-layout":"default","site-content-style":"default","site-sidebar-style":"default","ast-global-header-display":"","ast-banner-title-visibility":"","ast-main-header-display":"","ast-hfb-above-header-display":"","ast-hfb-below-header-display":"","ast-hfb-mobile-header-display":"","site-post-title":"","ast-breadcrumbs-content":"","ast-featured-img":"","footer-sml-layout":"","theme-transparent-header-meta":"default","adv-header-id-meta":"","stick-header-meta":"","header-above-stick-meta":"","header-main-stick-meta":"","header-below-stick-meta":"","astra-migrate-meta-layouts":"default","ast-page-background-enabled":"default","ast-page-background-meta":{"desktop":{"background-color":"var(--ast-global-color-4)","background-image":"","background-repeat":"repeat","background-position":"center center","background-size":"auto","background-attachment":"scroll","background-type":"","background-media":"","overlay-type":"","overlay-color":"","overlay-opacity":"","overlay-gradient":""},"tablet":{"background-color":"","background-image":"","background-repeat":"repeat","background-position":"center center","background-size":"auto","background-attachment":"scroll","background-type":"","background-media":"","overlay-type":"","overlay-color":"","overlay-opacity":"","overlay-gradient":""},"mobile":{"background-color":"","background-image":"","background-repeat":"repeat","background-position":"center center","background-size":"auto","background-attachment":"scroll","background-type":"","background-media":"","overlay-type":"","overlay-color":"","overlay-opacity":"","overlay-gradient":""}},"ast-content-background-meta":{"desktop":{"background-color":"var(--ast-global-color-5)","background-image":"","background-repeat":"repeat","background-position":"center center","background-size":"auto","background-attachment":"scroll","background-type":"","background-media":"","overlay-type":"","overlay-color":"","overlay-opacity":"","overlay-gradient":""},"tablet":{"background-color":"var(--ast-global-color-5)","background-image":"","background-repeat":"repeat","background-position":"center center","background-size":"auto","background-attachment":"scroll","background-type":"","background-media":"","overlay-type":"","overlay-color":"","overlay-opacity":"","overlay-gradient":""},"mobile":{"background-color":"var(--ast-global-color-5)","background-image":"","background-repeat":"repeat","background-position":"center center","background-size":"auto","background-attachment":"scroll","background-type":"","background-media":"","overlay-type":"","overlay-color":"","overlay-opacity":"","overlay-gradient":""}}},"product_brand":[],"product_cat":[67,51],"product_tag":[],"class_list":{"0":"post-3110","1":"product","2":"type-product","3":"status-publish","4":"has-post-thumbnail","6":"product_cat-drapeaux-promotionnels","7":"product_cat-materiel-promotionnel-evenementiel","8":"desktop-align-left","9":"tablet-align-left","10":"mobile-align-left","12":"first","13":"instock","14":"taxable","15":"shipping-taxable","16":"purchasable","17":"product-type-variable"},"acf":[],"_links":{"self":[{"href":"https:\/\/elegantdisplay.ca\/fr\/wp-json\/wp\/v2\/product\/3110","targetHints":{"allow":["GET"]}}],"collection":[{"href":"https:\/\/elegantdisplay.ca\/fr\/wp-json\/wp\/v2\/product"}],"about":[{"href":"https:\/\/elegantdisplay.ca\/fr\/wp-json\/wp\/v2\/types\/product"}],"wp:featuredmedia":[{"embeddable":true,"href":"https:\/\/elegantdisplay.ca\/fr\/wp-json\/wp\/v2\/media\/1830"}],"wp:attachment":[{"href":"https:\/\/elegantdisplay.ca\/fr\/wp-json\/wp\/v2\/media?parent=3110"}],"wp:term":[{"taxonomy":"product_brand","embeddable":true,"href":"https:\/\/elegantdisplay.ca\/fr\/wp-json\/wp\/v2\/product_brand?post=3110"},{"taxonomy":"product_cat","embeddable":true,"href":"https:\/\/elegantdisplay.ca\/fr\/wp-json\/wp\/v2\/product_cat?post=3110"},{"taxonomy":"product_tag","embeddable":true,"href":"https:\/\/elegantdisplay.ca\/fr\/wp-json\/wp\/v2\/product_tag?post=3110"}],"curies":[{"name":"wp","href":"https:\/\/api.w.org\/{rel}","templated":true}]}}