{"id":3141,"date":"2023-09-04T17:57:32","date_gmt":"2023-09-04T21:57:32","guid":{"rendered":"http:\/\/togodisplays.com\/\/product\/drapeau-windsail-produit-en-chine\/"},"modified":"2025-07-11T13:10:27","modified_gmt":"2025-07-11T17:10:27","slug":"windsail-flag-produced-in-china","status":"publish","type":"product","link":"https:\/\/elegantdisplay.ca\/fr\/shop\/materiel-promotionnel-evenementiel\/windsail-flag-produced-in-china\/","title":{"rendered":"Drapeau Windsail \u2013 Produit en Chine"},"content":{"rendered":"<p>Le drapeau Windsail produit en Chine est sensiblement le m\u00eame que celui fabriqu\u00e9 \u00e0 Montr\u00e9al. On l\u2019utilise dans un grand nombre de circonstances, autant \u00e0 l\u2019ext\u00e9rieur qu\u2019\u00e0 l\u2019int\u00e9rieur. Son tissu imprim\u00e9 prend la forme d\u2019une voilure. Il offre des prix avantageux pour les commandes de volume, mais la livraison est plus longue.<\/p>\n<p><span class=\"Apple-converted-space\">*Base non comprise. <a href=\"https:\/\/elegantdisplay.ca\/fr\/product-category\/bases-et-pesees\/\">Base requise<\/a>.<\/span><\/p>\n<p><span class=\"Apple-converted-space\">*Minimum de 25 unit\u00e9s pour une commande<\/span><\/p>\n<ul>\n<li>Il est produit \u00e0 partir du m\u00eame gabarit que le Windsail fabriqu\u00e9 \u00e0 Montr\u00e9al. Les m\u00eames formes et options d\u2019impression sont disponibles.<\/li>\n<li>Les commandes produites en Chine ne sont possibles que pour des quantit\u00e9s de 25 unit\u00e9s et plus.<\/li>\n<li>\u00c0 noter que le format extra-petit n\u2019est pas disponible dans ce cas-ci.<\/li>\n<li>Options de pes\u00e9es : sac d&rsquo;eau ou sac de sable<\/li>\n<li>Pour la production en Chine, les prix sont avantageux certes, mais les d\u00e9lais de production sont beaucoup plus longs.<\/li>\n<li><span class=\"Apple-converted-space\">Les options &lsquo;avec structure&rsquo; incluent un sac de transport et une structure pour votre drapeau. <\/span><\/li>\n<li>Un devis peut \u00eatre demand\u00e9 au service client\u00e8le.<\/li>\n<\/ul>\n<p><strong>Tissu<\/strong>: Tissu du drapeau &#8211; Tissu tricot\u00e9 en cha\u00eene, 100 % polyester, l\u00e9ger, r\u00e9sistant au feu<\/p>\n","protected":false},"excerpt":{"rendered":"<p>Le drapeau Windsail produit en Chine est sensiblement le m\u00eame que celui fabriqu\u00e9 \u00e0 Montr\u00e9al. On l\u2019utilise dans un grand nombre de circonstances, autant \u00e0 l\u2019ext\u00e9rieur qu\u2019\u00e0 l\u2019int\u00e9rieur. Son tissu imprim\u00e9 prend la forme d\u2019une voilure. Il offre des prix avantageux pour les commandes de volume, mais la livraison est plus longue.<\/p>\n<p><span class=\"Apple-converted-space\">*Base non comprise. <a href=\"https:\/\/elegantdisplay.ca\/fr\/product-category\/bases-et-pesees\/\">Base requise<\/a>.<\/span><\/p>\n<p><span class=\"Apple-converted-space\">*Minimum de 25 unit\u00e9s pour une commande<\/span><\/p>\n","protected":false},"featured_media":1828,"template":"","meta":{"_acf_changed":false,"_seopress_robots_primary_cat":"none","_seopress_titles_title":"","_seopress_titles_desc":"","_seopress_robots_index":"","site-sidebar-layout":"default","site-content-layout":"","ast-site-content-layout":"default","site-content-style":"default","site-sidebar-style":"default","ast-global-header-display":"","ast-banner-title-visibility":"","ast-main-header-display":"","ast-hfb-above-header-display":"","ast-hfb-below-header-display":"","ast-hfb-mobile-header-display":"","site-post-title":"","ast-breadcrumbs-content":"","ast-featured-img":"","footer-sml-layout":"","theme-transparent-header-meta":"default","adv-header-id-meta":"","stick-header-meta":"","header-above-stick-meta":"","header-main-stick-meta":"","header-below-stick-meta":"","astra-migrate-meta-layouts":"set","ast-page-background-enabled":"default","ast-page-background-meta":{"desktop":{"background-color":"var(--ast-global-color-4)","background-image":"","background-repeat":"repeat","background-position":"center center","background-size":"auto","background-attachment":"scroll","background-type":"","background-media":"","overlay-type":"","overlay-color":"","overlay-opacity":"","overlay-gradient":""},"tablet":{"background-color":"","background-image":"","background-repeat":"repeat","background-position":"center center","background-size":"auto","background-attachment":"scroll","background-type":"","background-media":"","overlay-type":"","overlay-color":"","overlay-opacity":"","overlay-gradient":""},"mobile":{"background-color":"","background-image":"","background-repeat":"repeat","background-position":"center center","background-size":"auto","background-attachment":"scroll","background-type":"","background-media":"","overlay-type":"","overlay-color":"","overlay-opacity":"","overlay-gradient":""}},"ast-content-background-meta":{"desktop":{"background-color":"var(--ast-global-color-5)","background-image":"","background-repeat":"repeat","background-position":"center center","background-size":"auto","background-attachment":"scroll","background-type":"","background-media":"","overlay-type":"","overlay-color":"","overlay-opacity":"","overlay-gradient":""},"tablet":{"background-color":"var(--ast-global-color-5)","background-image":"","background-repeat":"repeat","background-position":"center center","background-size":"auto","background-attachment":"scroll","background-type":"","background-media":"","overlay-type":"","overlay-color":"","overlay-opacity":"","overlay-gradient":""},"mobile":{"background-color":"var(--ast-global-color-5)","background-image":"","background-repeat":"repeat","background-position":"center center","background-size":"auto","background-attachment":"scroll","background-type":"","background-media":"","overlay-type":"","overlay-color":"","overlay-opacity":"","overlay-gradient":""}}},"product_brand":[],"product_cat":[52,67,410,51,53],"product_tag":[],"class_list":{"0":"post-3141","1":"product","2":"type-product","3":"status-publish","4":"has-post-thumbnail","6":"product_cat-equipement-fournitures","7":"product_cat-drapeaux-promotionnels","8":"product_cat-large-display-fr","9":"product_cat-materiel-promotionnel-evenementiel","10":"product_cat-salons-expositions","11":"desktop-align-left","12":"tablet-align-left","13":"mobile-align-left","15":"first","16":"instock","17":"taxable","18":"shipping-taxable","19":"purchasable","20":"product-type-variable"},"acf":[],"_links":{"self":[{"href":"https:\/\/elegantdisplay.ca\/fr\/wp-json\/wp\/v2\/product\/3141","targetHints":{"allow":["GET"]}}],"collection":[{"href":"https:\/\/elegantdisplay.ca\/fr\/wp-json\/wp\/v2\/product"}],"about":[{"href":"https:\/\/elegantdisplay.ca\/fr\/wp-json\/wp\/v2\/types\/product"}],"wp:featuredmedia":[{"embeddable":true,"href":"https:\/\/elegantdisplay.ca\/fr\/wp-json\/wp\/v2\/media\/1828"}],"wp:attachment":[{"href":"https:\/\/elegantdisplay.ca\/fr\/wp-json\/wp\/v2\/media?parent=3141"}],"wp:term":[{"taxonomy":"product_brand","embeddable":true,"href":"https:\/\/elegantdisplay.ca\/fr\/wp-json\/wp\/v2\/product_brand?post=3141"},{"taxonomy":"product_cat","embeddable":true,"href":"https:\/\/elegantdisplay.ca\/fr\/wp-json\/wp\/v2\/product_cat?post=3141"},{"taxonomy":"product_tag","embeddable":true,"href":"https:\/\/elegantdisplay.ca\/fr\/wp-json\/wp\/v2\/product_tag?post=3141"}],"curies":[{"name":"wp","href":"https:\/\/api.w.org\/{rel}","templated":true}]}}