{"id":3187,"date":"2023-10-01T12:56:16","date_gmt":"2023-10-01T16:56:16","guid":{"rendered":"http:\/\/togodisplays.com\/\/product\/base-en-v-pour-voiture\/"},"modified":"2025-08-05T12:32:50","modified_gmt":"2025-08-05T16:32:50","slug":"v-base-for-car","status":"publish","type":"product","link":"https:\/\/elegantdisplay.ca\/fr\/shop\/materiel-promotionnel-evenementiel\/v-base-for-car\/","title":{"rendered":"Base en \u00abV\u00bb pour voiture"},"content":{"rendered":"<p>La base en \u00ab V \u00bb pour pneu est utilis\u00e9e pour les promotions ext\u00e9rieures. Con\u00e7ue pour s\u2019installer sous un pneu de v\u00e9hicule, elle permet d\u2019afficher et de s\u00e9curiser vos drapeaux en n\u2019importe lequel des lieux de vos \u00e9v\u00e9nements.<\/p>\n<p>Id\u00e9al pour les \u00e9v\u00e9nements ext\u00e9rieurs temporaires tels que: concours organis\u00e9s par des postes de radio, promotions pour vos produits mara\u00eechers dans vos kiosques ext\u00e9rieurs, comp\u00e9titions sportives, pour ne nommer que ceux-l\u00e0.<\/p>\n","protected":false},"excerpt":{"rendered":"<p>La base en \u00ab V \u00bb pour pneu est utilis\u00e9e pour les promotions ext\u00e9rieures. Con\u00e7ue pour s\u2019installer sous un pneu de v\u00e9hicule, elle permet d\u2019afficher et de s\u00e9curiser vos drapeaux en n\u2019importe lequel des lieux de vos \u00e9v\u00e9nements.<\/p>\n","protected":false},"featured_media":3177,"template":"","meta":{"_acf_changed":false,"_seopress_robots_primary_cat":"none","_seopress_titles_title":"","_seopress_titles_desc":"","_seopress_robots_index":"","site-sidebar-layout":"default","site-content-layout":"","ast-site-content-layout":"default","site-content-style":"default","site-sidebar-style":"default","ast-global-header-display":"","ast-banner-title-visibility":"","ast-main-header-display":"","ast-hfb-above-header-display":"","ast-hfb-below-header-display":"","ast-hfb-mobile-header-display":"","site-post-title":"","ast-breadcrumbs-content":"","ast-featured-img":"","footer-sml-layout":"","theme-transparent-header-meta":"default","adv-header-id-meta":"","stick-header-meta":"","header-above-stick-meta":"","header-main-stick-meta":"","header-below-stick-meta":"","astra-migrate-meta-layouts":"default","ast-page-background-enabled":"default","ast-page-background-meta":{"desktop":{"background-color":"var(--ast-global-color-4)","background-image":"","background-repeat":"repeat","background-position":"center center","background-size":"auto","background-attachment":"scroll","background-type":"","background-media":"","overlay-type":"","overlay-color":"","overlay-opacity":"","overlay-gradient":""},"tablet":{"background-color":"","background-image":"","background-repeat":"repeat","background-position":"center center","background-size":"auto","background-attachment":"scroll","background-type":"","background-media":"","overlay-type":"","overlay-color":"","overlay-opacity":"","overlay-gradient":""},"mobile":{"background-color":"","background-image":"","background-repeat":"repeat","background-position":"center center","background-size":"auto","background-attachment":"scroll","background-type":"","background-media":"","overlay-type":"","overlay-color":"","overlay-opacity":"","overlay-gradient":""}},"ast-content-background-meta":{"desktop":{"background-color":"var(--ast-global-color-5)","background-image":"","background-repeat":"repeat","background-position":"center center","background-size":"auto","background-attachment":"scroll","background-type":"","background-media":"","overlay-type":"","overlay-color":"","overlay-opacity":"","overlay-gradient":""},"tablet":{"background-color":"var(--ast-global-color-5)","background-image":"","background-repeat":"repeat","background-position":"center center","background-size":"auto","background-attachment":"scroll","background-type":"","background-media":"","overlay-type":"","overlay-color":"","overlay-opacity":"","overlay-gradient":""},"mobile":{"background-color":"var(--ast-global-color-5)","background-image":"","background-repeat":"repeat","background-position":"center center","background-size":"auto","background-attachment":"scroll","background-type":"","background-media":"","overlay-type":"","overlay-color":"","overlay-opacity":"","overlay-gradient":""}}},"product_brand":[],"product_cat":[423,54,51],"product_tag":[],"class_list":{"0":"post-3187","1":"product","2":"type-product","3":"status-publish","4":"has-post-thumbnail","6":"product_cat-accessoires","7":"product_cat-bases-et-pesees","8":"product_cat-materiel-promotionnel-evenementiel","9":"desktop-align-left","10":"tablet-align-left","11":"mobile-align-left","13":"first","14":"instock","15":"taxable","16":"shipping-taxable","17":"purchasable","18":"product-type-simple"},"acf":[],"_links":{"self":[{"href":"https:\/\/elegantdisplay.ca\/fr\/wp-json\/wp\/v2\/product\/3187","targetHints":{"allow":["GET"]}}],"collection":[{"href":"https:\/\/elegantdisplay.ca\/fr\/wp-json\/wp\/v2\/product"}],"about":[{"href":"https:\/\/elegantdisplay.ca\/fr\/wp-json\/wp\/v2\/types\/product"}],"wp:featuredmedia":[{"embeddable":true,"href":"https:\/\/elegantdisplay.ca\/fr\/wp-json\/wp\/v2\/media\/3177"}],"wp:attachment":[{"href":"https:\/\/elegantdisplay.ca\/fr\/wp-json\/wp\/v2\/media?parent=3187"}],"wp:term":[{"taxonomy":"product_brand","embeddable":true,"href":"https:\/\/elegantdisplay.ca\/fr\/wp-json\/wp\/v2\/product_brand?post=3187"},{"taxonomy":"product_cat","embeddable":true,"href":"https:\/\/elegantdisplay.ca\/fr\/wp-json\/wp\/v2\/product_cat?post=3187"},{"taxonomy":"product_tag","embeddable":true,"href":"https:\/\/elegantdisplay.ca\/fr\/wp-json\/wp\/v2\/product_tag?post=3187"}],"curies":[{"name":"wp","href":"https:\/\/api.w.org\/{rel}","templated":true}]}}