{"id":3705,"date":"2023-09-11T19:25:56","date_gmt":"2023-09-11T23:25:56","guid":{"rendered":"https:\/\/elegantdisplay.ca\/product\/suspended-structure-round\/"},"modified":"2025-09-11T11:20:33","modified_gmt":"2025-09-11T15:20:33","slug":"suspended-structure-round","status":"publish","type":"product","link":"https:\/\/elegantdisplay.ca\/fr\/shop\/structures-suspendues\/suspended-structure-round\/","title":{"rendered":"Structure suspendue circulaire &#8211; Aluminium"},"content":{"rendered":"<p>Voici un produit qui permet toujours un effet spectaculaire lors d&rsquo;une exposition dans un salon commercial, un congr\u00e8s ou tout autre \u00e9v\u00e8nement o\u00f9 on souhaite attirer l&rsquo;attention de la client\u00e8le. De forme circulaire, la structure suspendue rev\u00eatue de tissue imprim\u00e9 fera sensation \u00e0 tout coup.<\/p>\n<p>*Format personnalis\u00e9 disponible. Faites-nous part de vos dimensions pour un devis. (Circulaire, Carr\u00e9, Triangle, Football, Rond, Cercle effil\u00e9, Roue \u00e0 fuseaux)<\/p>\n<ul>\n<li>Elle est disponible en plusieurs formats standards.<\/li>\n<li>Assemblage rapide et efficace gr\u00e2ce aux indications sur les tubes qui s&#8217;embo\u00eetent et se verrouillent \u00e0 l&rsquo;aide de boutons-poussoirs.<\/li>\n<li>On peut y installer une housse imprim\u00e9e recto avec endos noir ou une housse imrpm\u00e9e recto-verso. Elle s&rsquo;enfile sur la structure et est munie d&rsquo;une fermeture \u00e9clair au bas, pour une parfaite tension du visuel.<\/li>\n<li>La quincaillerie de suspension est incluse avec la structure.<\/li>\n<li>Un sac de transport est offer avec ce produit avec achat de structure.<\/li>\n<\/ul>\n<p><strong>Tissu<\/strong>: FlexTex &#8211; Tissu extensible, 100 % polyester, anti-froissable, bonne opacit\u00e9, ignifuge.<\/p>\n","protected":false},"excerpt":{"rendered":"<p>Voici un produit qui permet toujours un effet spectaculaire lors d&rsquo;une exposition dans un salon commercial, un congr\u00e8s ou tout autre \u00e9v\u00e8nement o\u00f9 on souhaite attirer l&rsquo;attention de la client\u00e8le. De forme circulaire, la structure suspendue rev\u00eatue de tissue imprim\u00e9 fera sensation \u00e0 tout coup.<\/p>\n<p>*Format personnalis\u00e9 disponible. Faites-nous part de vos dimensions pour un devis. (Circulaire, Carr\u00e9, Triangle, Football, Rond, Cercle effil\u00e9, Roue \u00e0 fuseaux)<\/p>\n","protected":false},"featured_media":1865,"template":"","meta":{"_acf_changed":false,"_seopress_robots_primary_cat":"none","_seopress_titles_title":"","_seopress_titles_desc":"","_seopress_robots_index":"","site-sidebar-layout":"default","site-content-layout":"","ast-site-content-layout":"default","site-content-style":"default","site-sidebar-style":"default","ast-global-header-display":"","ast-banner-title-visibility":"","ast-main-header-display":"","ast-hfb-above-header-display":"","ast-hfb-below-header-display":"","ast-hfb-mobile-header-display":"","site-post-title":"","ast-breadcrumbs-content":"","ast-featured-img":"","footer-sml-layout":"","theme-transparent-header-meta":"default","adv-header-id-meta":"","stick-header-meta":"","header-above-stick-meta":"","header-main-stick-meta":"","header-below-stick-meta":"","astra-migrate-meta-layouts":"default","ast-page-background-enabled":"default","ast-page-background-meta":{"desktop":{"background-color":"var(--ast-global-color-4)","background-image":"","background-repeat":"repeat","background-position":"center center","background-size":"auto","background-attachment":"scroll","background-type":"","background-media":"","overlay-type":"","overlay-color":"","overlay-opacity":"","overlay-gradient":""},"tablet":{"background-color":"","background-image":"","background-repeat":"repeat","background-position":"center center","background-size":"auto","background-attachment":"scroll","background-type":"","background-media":"","overlay-type":"","overlay-color":"","overlay-opacity":"","overlay-gradient":""},"mobile":{"background-color":"","background-image":"","background-repeat":"repeat","background-position":"center center","background-size":"auto","background-attachment":"scroll","background-type":"","background-media":"","overlay-type":"","overlay-color":"","overlay-opacity":"","overlay-gradient":""}},"ast-content-background-meta":{"desktop":{"background-color":"var(--ast-global-color-5)","background-image":"","background-repeat":"repeat","background-position":"center center","background-size":"auto","background-attachment":"scroll","background-type":"","background-media":"","overlay-type":"","overlay-color":"","overlay-opacity":"","overlay-gradient":""},"tablet":{"background-color":"var(--ast-global-color-5)","background-image":"","background-repeat":"repeat","background-position":"center center","background-size":"auto","background-attachment":"scroll","background-type":"","background-media":"","overlay-type":"","overlay-color":"","overlay-opacity":"","overlay-gradient":""},"mobile":{"background-color":"var(--ast-global-color-5)","background-image":"","background-repeat":"repeat","background-position":"center center","background-size":"auto","background-attachment":"scroll","background-type":"","background-media":"","overlay-type":"","overlay-color":"","overlay-opacity":"","overlay-gradient":""}}},"product_brand":[],"product_cat":[410,128],"product_tag":[],"class_list":{"0":"post-3705","1":"product","2":"type-product","3":"status-publish","4":"has-post-thumbnail","6":"product_cat-large-display-fr","7":"product_cat-structures-suspendues","8":"desktop-align-left","9":"tablet-align-left","10":"mobile-align-left","12":"first","13":"instock","14":"taxable","15":"shipping-taxable","16":"purchasable","17":"product-type-variable"},"acf":[],"_links":{"self":[{"href":"https:\/\/elegantdisplay.ca\/fr\/wp-json\/wp\/v2\/product\/3705","targetHints":{"allow":["GET"]}}],"collection":[{"href":"https:\/\/elegantdisplay.ca\/fr\/wp-json\/wp\/v2\/product"}],"about":[{"href":"https:\/\/elegantdisplay.ca\/fr\/wp-json\/wp\/v2\/types\/product"}],"wp:featuredmedia":[{"embeddable":true,"href":"https:\/\/elegantdisplay.ca\/fr\/wp-json\/wp\/v2\/media\/1865"}],"wp:attachment":[{"href":"https:\/\/elegantdisplay.ca\/fr\/wp-json\/wp\/v2\/media?parent=3705"}],"wp:term":[{"taxonomy":"product_brand","embeddable":true,"href":"https:\/\/elegantdisplay.ca\/fr\/wp-json\/wp\/v2\/product_brand?post=3705"},{"taxonomy":"product_cat","embeddable":true,"href":"https:\/\/elegantdisplay.ca\/fr\/wp-json\/wp\/v2\/product_cat?post=3705"},{"taxonomy":"product_tag","embeddable":true,"href":"https:\/\/elegantdisplay.ca\/fr\/wp-json\/wp\/v2\/product_tag?post=3705"}],"curies":[{"name":"wp","href":"https:\/\/api.w.org\/{rel}","templated":true}]}}