{"id":4598,"date":"2023-09-05T20:25:16","date_gmt":"2023-09-06T00:25:16","guid":{"rendered":"https:\/\/togodisplays.com\/product\/o-tube-wall-c-shape\/"},"modified":"2025-08-18T13:02:32","modified_gmt":"2025-08-18T17:02:32","slug":"o-tube-mur-c-forme","status":"publish","type":"product","link":"https:\/\/elegantdisplay.ca\/fr\/shop\/murs-o-tube\/o-tube-mur-c-forme\/","title":{"rendered":"Mur O-Tube C-Shape"},"content":{"rendered":"<p>Voici une structure autoportante et ultra l\u00e9g\u00e8re, avec courbure \u00e0 l\u2019horizontale, \u00e0 montage facile et rapide, recouverte d\u2019une toile imprim\u00e9e sous forme de housse, id\u00e9ale pour les pr\u00e9sentations mobiles \u00e0 l\u2019int\u00e9rieur. Facile \u00e0 transporter, on peut aussi y ajouter un <a href=\"https:\/\/elegantdisplay.ca\/fr\/shop\/lampes\/lampe-diodes-electroluminescentes\/\">\u00e9clairage<\/a>.<\/p>\n<ul>\n<li>Deux (2) formats disponibles.<span class=\"Apple-converted-space\"> <\/span><\/li>\n<li>P\u00f4les d\u2019aluminium de 1,5\u2019\u2019 de diam\u00e8tre qui s\u2019imbriquent les unes dans les autres (sections de tubes num\u00e9rot\u00e9es et retenues ensemble par une corde int\u00e9rieure pour plus de facilit\u00e9).<span class=\"Apple-converted-space\"> <\/span><\/li>\n<li>Les tubes se verrouillent \u00e0 l\u2019aide de boutons poussoir.<span class=\"Apple-converted-space\"> <\/span><\/li>\n<li>Une paire de pattes sont fix\u00e9es au bas de la structure pour garantir sa stabilit\u00e9.<span class=\"Apple-converted-space\"> <\/span><\/li>\n<li>Housse qui s\u2019enfile sur la structure et munie d\u2019une fermeture \u00e9clair au bas, pour une parfaite tension du visuel affich\u00e9.<span class=\"Apple-converted-space\"> <\/span><\/li>\n<li>Peut avoir une housse recto (avec endos noir) ou une housse recto-verso.<\/li>\n<li>Support t\u00e9l\u00e9 avec tablettes adapt\u00e9 \u00e0 ce mod\u00e8le est aussi disponible en option.<span class=\"Apple-converted-space\"> <\/span><\/li>\n<li>Un \u00e9clairage au DEL peut s\u2019ajouter, en option.<span class=\"Apple-converted-space\"> <\/span><\/li>\n<li>Sac de transport inclus avec achat de structure.<\/li>\n<\/ul>\n<p><strong>Tissu<\/strong>: FlexTex &#8211; Tissu extensible, 100 % polyester, anti-froissable, bonne opacit\u00e9, ignifuge.<\/p>\n","protected":false},"excerpt":{"rendered":"<p>Voici une structure autoportante et ultra l\u00e9g\u00e8re, avec courbure \u00e0 l\u2019horizontale, \u00e0 montage facile et rapide, recouverte d\u2019une toile imprim\u00e9e sous forme de housse, id\u00e9ale pour les pr\u00e9sentations mobiles \u00e0 l\u2019int\u00e9rieur. Facile \u00e0 transporter, on peut aussi y ajouter un <a href=\"https:\/\/elegantdisplay.ca\/fr\/shop\/lampes\/lampe-diodes-electroluminescentes\/\">\u00e9clairage<\/a>.<\/p>\n","protected":false},"featured_media":1848,"template":"","meta":{"_acf_changed":false,"_seopress_robots_primary_cat":"none","_seopress_titles_title":"","_seopress_titles_desc":"","_seopress_robots_index":"","site-sidebar-layout":"default","site-content-layout":"","ast-site-content-layout":"default","site-content-style":"default","site-sidebar-style":"default","ast-global-header-display":"","ast-banner-title-visibility":"","ast-main-header-display":"","ast-hfb-above-header-display":"","ast-hfb-below-header-display":"","ast-hfb-mobile-header-display":"","site-post-title":"","ast-breadcrumbs-content":"","ast-featured-img":"","footer-sml-layout":"","theme-transparent-header-meta":"default","adv-header-id-meta":"","stick-header-meta":"","header-above-stick-meta":"","header-main-stick-meta":"","header-below-stick-meta":"","astra-migrate-meta-layouts":"default","ast-page-background-enabled":"default","ast-page-background-meta":{"desktop":{"background-color":"var(--ast-global-color-4)","background-image":"","background-repeat":"repeat","background-position":"center center","background-size":"auto","background-attachment":"scroll","background-type":"","background-media":"","overlay-type":"","overlay-color":"","overlay-opacity":"","overlay-gradient":""},"tablet":{"background-color":"","background-image":"","background-repeat":"repeat","background-position":"center center","background-size":"auto","background-attachment":"scroll","background-type":"","background-media":"","overlay-type":"","overlay-color":"","overlay-opacity":"","overlay-gradient":""},"mobile":{"background-color":"","background-image":"","background-repeat":"repeat","background-position":"center center","background-size":"auto","background-attachment":"scroll","background-type":"","background-media":"","overlay-type":"","overlay-color":"","overlay-opacity":"","overlay-gradient":""}},"ast-content-background-meta":{"desktop":{"background-color":"var(--ast-global-color-5)","background-image":"","background-repeat":"repeat","background-position":"center center","background-size":"auto","background-attachment":"scroll","background-type":"","background-media":"","overlay-type":"","overlay-color":"","overlay-opacity":"","overlay-gradient":""},"tablet":{"background-color":"var(--ast-global-color-5)","background-image":"","background-repeat":"repeat","background-position":"center center","background-size":"auto","background-attachment":"scroll","background-type":"","background-media":"","overlay-type":"","overlay-color":"","overlay-opacity":"","overlay-gradient":""},"mobile":{"background-color":"var(--ast-global-color-5)","background-image":"","background-repeat":"repeat","background-position":"center center","background-size":"auto","background-attachment":"scroll","background-type":"","background-media":"","overlay-type":"","overlay-color":"","overlay-opacity":"","overlay-gradient":""}}},"product_brand":[],"product_cat":[410,55],"product_tag":[],"class_list":{"0":"post-4598","1":"product","2":"type-product","3":"status-publish","4":"has-post-thumbnail","6":"product_cat-large-display-fr","7":"product_cat-murs-o-tube","8":"desktop-align-left","9":"tablet-align-left","10":"mobile-align-left","12":"first","13":"instock","14":"taxable","15":"shipping-taxable","16":"purchasable","17":"product-type-variable"},"acf":[],"_links":{"self":[{"href":"https:\/\/elegantdisplay.ca\/fr\/wp-json\/wp\/v2\/product\/4598","targetHints":{"allow":["GET"]}}],"collection":[{"href":"https:\/\/elegantdisplay.ca\/fr\/wp-json\/wp\/v2\/product"}],"about":[{"href":"https:\/\/elegantdisplay.ca\/fr\/wp-json\/wp\/v2\/types\/product"}],"wp:featuredmedia":[{"embeddable":true,"href":"https:\/\/elegantdisplay.ca\/fr\/wp-json\/wp\/v2\/media\/1848"}],"wp:attachment":[{"href":"https:\/\/elegantdisplay.ca\/fr\/wp-json\/wp\/v2\/media?parent=4598"}],"wp:term":[{"taxonomy":"product_brand","embeddable":true,"href":"https:\/\/elegantdisplay.ca\/fr\/wp-json\/wp\/v2\/product_brand?post=4598"},{"taxonomy":"product_cat","embeddable":true,"href":"https:\/\/elegantdisplay.ca\/fr\/wp-json\/wp\/v2\/product_cat?post=4598"},{"taxonomy":"product_tag","embeddable":true,"href":"https:\/\/elegantdisplay.ca\/fr\/wp-json\/wp\/v2\/product_tag?post=4598"}],"curies":[{"name":"wp","href":"https:\/\/api.w.org\/{rel}","templated":true}]}}