{"id":4617,"date":"2023-09-05T20:44:56","date_gmt":"2023-09-06T00:44:56","guid":{"rendered":"https:\/\/togodisplays.com\/product\/mur-telescopique\/"},"modified":"2025-08-25T10:18:35","modified_gmt":"2025-08-25T14:18:35","slug":"mur-telescopique","status":"publish","type":"product","link":"https:\/\/elegantdisplay.ca\/fr\/shop\/presentoirs-portatifs-interieurs\/mur-telescopique\/","title":{"rendered":"Mur t\u00e9lescopique"},"content":{"rendered":"<p>Le mur t\u00e9lescopique est une solution d\u2019affichage qui offre des possibilit\u00e9s multiples gr\u00e2ce \u00e0 ses r\u00e9glages flexibles en hauteur et en largueur, vous permettant d\u2019y installer diff\u00e9rents formats de toiles. Assemblage rapide et facile: le visuel s\u2019enfile sur la structure gr\u00e2ce \u00e0 ses quatre (4) ourlets.<\/p>\n<p>Vous pouvez choisir la dimension de votre toile dans les formats propos\u00e9s ou encore adapter votre visuel de 36&Prime; \u00e0 120&Prime; de largeur et de 36&Prime; \u00e0 96&Prime; de hauteur selon vos besoins.<\/p>\n<p><strong>Tissu<\/strong>: FlexTex &#8211; Tissu extensible, 100 % polyester, anti-froissable, bonne opacit\u00e9, ignifuge.<\/p>\n","protected":false},"excerpt":{"rendered":"<p>Le mur t\u00e9lescopique est une solution d\u2019affichage qui offre des possibilit\u00e9s multiples gr\u00e2ce \u00e0 ses r\u00e9glages flexibles en hauteur et en largueur, vous permettant d\u2019y installer diff\u00e9rents formats de toiles. Assemblage rapide et facile: le visuel s\u2019enfile sur la structure gr\u00e2ce \u00e0 ses quatre (4) ourlets.<\/p>\n","protected":false},"featured_media":1862,"template":"","meta":{"_acf_changed":false,"_seopress_robots_primary_cat":"none","_seopress_titles_title":"","_seopress_titles_desc":"","_seopress_robots_index":"","site-sidebar-layout":"default","site-content-layout":"","ast-site-content-layout":"default","site-content-style":"default","site-sidebar-style":"default","ast-global-header-display":"","ast-banner-title-visibility":"","ast-main-header-display":"","ast-hfb-above-header-display":"","ast-hfb-below-header-display":"","ast-hfb-mobile-header-display":"","site-post-title":"","ast-breadcrumbs-content":"","ast-featured-img":"","footer-sml-layout":"","theme-transparent-header-meta":"default","adv-header-id-meta":"","stick-header-meta":"","header-above-stick-meta":"","header-main-stick-meta":"","header-below-stick-meta":"","astra-migrate-meta-layouts":"default","ast-page-background-enabled":"default","ast-page-background-meta":{"desktop":{"background-color":"var(--ast-global-color-4)","background-image":"","background-repeat":"repeat","background-position":"center center","background-size":"auto","background-attachment":"scroll","background-type":"","background-media":"","overlay-type":"","overlay-color":"","overlay-opacity":"","overlay-gradient":""},"tablet":{"background-color":"","background-image":"","background-repeat":"repeat","background-position":"center center","background-size":"auto","background-attachment":"scroll","background-type":"","background-media":"","overlay-type":"","overlay-color":"","overlay-opacity":"","overlay-gradient":""},"mobile":{"background-color":"","background-image":"","background-repeat":"repeat","background-position":"center center","background-size":"auto","background-attachment":"scroll","background-type":"","background-media":"","overlay-type":"","overlay-color":"","overlay-opacity":"","overlay-gradient":""}},"ast-content-background-meta":{"desktop":{"background-color":"var(--ast-global-color-5)","background-image":"","background-repeat":"repeat","background-position":"center center","background-size":"auto","background-attachment":"scroll","background-type":"","background-media":"","overlay-type":"","overlay-color":"","overlay-opacity":"","overlay-gradient":""},"tablet":{"background-color":"var(--ast-global-color-5)","background-image":"","background-repeat":"repeat","background-position":"center center","background-size":"auto","background-attachment":"scroll","background-type":"","background-media":"","overlay-type":"","overlay-color":"","overlay-opacity":"","overlay-gradient":""},"mobile":{"background-color":"var(--ast-global-color-5)","background-image":"","background-repeat":"repeat","background-position":"center center","background-size":"auto","background-attachment":"scroll","background-type":"","background-media":"","overlay-type":"","overlay-color":"","overlay-opacity":"","overlay-gradient":""}}},"product_brand":[],"product_cat":[410,65],"product_tag":[],"class_list":{"0":"post-4617","1":"product","2":"type-product","3":"status-publish","4":"has-post-thumbnail","6":"product_cat-large-display-fr","7":"product_cat-presentoirs-portatifs-interieurs","8":"desktop-align-left","9":"tablet-align-left","10":"mobile-align-left","12":"first","13":"instock","14":"taxable","15":"shipping-taxable","16":"purchasable","17":"product-type-variable"},"acf":[],"_links":{"self":[{"href":"https:\/\/elegantdisplay.ca\/fr\/wp-json\/wp\/v2\/product\/4617","targetHints":{"allow":["GET"]}}],"collection":[{"href":"https:\/\/elegantdisplay.ca\/fr\/wp-json\/wp\/v2\/product"}],"about":[{"href":"https:\/\/elegantdisplay.ca\/fr\/wp-json\/wp\/v2\/types\/product"}],"wp:featuredmedia":[{"embeddable":true,"href":"https:\/\/elegantdisplay.ca\/fr\/wp-json\/wp\/v2\/media\/1862"}],"wp:attachment":[{"href":"https:\/\/elegantdisplay.ca\/fr\/wp-json\/wp\/v2\/media?parent=4617"}],"wp:term":[{"taxonomy":"product_brand","embeddable":true,"href":"https:\/\/elegantdisplay.ca\/fr\/wp-json\/wp\/v2\/product_brand?post=4617"},{"taxonomy":"product_cat","embeddable":true,"href":"https:\/\/elegantdisplay.ca\/fr\/wp-json\/wp\/v2\/product_cat?post=4617"},{"taxonomy":"product_tag","embeddable":true,"href":"https:\/\/elegantdisplay.ca\/fr\/wp-json\/wp\/v2\/product_tag?post=4617"}],"curies":[{"name":"wp","href":"https:\/\/api.w.org\/{rel}","templated":true}]}}