{"id":4650,"date":"2023-09-11T19:58:28","date_gmt":"2023-09-11T23:58:28","guid":{"rendered":"https:\/\/togodisplays.com\/product\/nappe-produit-a-montreal\/"},"modified":"2025-09-25T13:17:12","modified_gmt":"2025-09-25T17:17:12","slug":"nappe-produit-montreal","status":"publish","type":"product","link":"https:\/\/elegantdisplay.ca\/fr\/shop\/nappes\/nappe-produit-montreal\/","title":{"rendered":"Nappe &#8211; Produite \u00e0 Montreal"},"content":{"rendered":"<p>L\u2019affichage personnalis\u00e9 sur une nappe est ind\u00e9modable et fait toujours bonne impression! Nappes carr\u00e9es, rectangulaires ou rondes, disponibles en toutes tailles, m\u00eame sur mesure pour des besoins sp\u00e9cifiques. Avec nos choix de finition, standard (coupe laser, sans couture), FIT (adapt\u00e9 \u00e0 votre table) ou BOX (finition carr\u00e9), faites de votre table de pr\u00e9sentation un outil de promotion attrayant. <\/p>\n<p>*Table non comprise*<\/p>\n<p>Impression et finition de la nappe faites \u00e0 100% \u00e0 notre atelier de Montr\u00e9al.<\/p>\n<p>*Temps de production: 5 jours ouvrables<\/p>\n<p>La nappe imprim\u00e9e est parfaite pour afficher dans les foires, les salons ou dans vos commerces. Profitez-en pour montrer vos produits et services ou simplement votre logo d&rsquo;entreprise.<\/p>\n<p><strong>Tissu<\/strong>: FlexTex &#8211; Tissu extensible, 100 % polyester, anti-froissable, bonne opacit\u00e9, ignifuge.<\/p>\n","protected":false},"excerpt":{"rendered":"<p>L\u2019affichage personnalis\u00e9 sur une nappe est ind\u00e9modable et fait toujours bonne impression! Nappes carr\u00e9es, rectangulaires ou rondes, disponibles en toutes tailles, m\u00eame sur mesure pour des besoins sp\u00e9cifiques. Avec nos choix de finition, standard (coupe laser, sans couture), FIT (adapt\u00e9 \u00e0 votre table) ou BOX (finition carr\u00e9), faites de votre table de pr\u00e9sentation un outil de promotion attrayant. <\/p>\n<p>*Table non comprise*<\/p>\n<p>Impression et finition de la nappe faites \u00e0 100% \u00e0 notre atelier de Montr\u00e9al.<\/p>\n","protected":false},"featured_media":1867,"template":"","meta":{"_acf_changed":false,"_seopress_robots_primary_cat":"none","_seopress_titles_title":"","_seopress_titles_desc":"","_seopress_robots_index":"","site-sidebar-layout":"default","site-content-layout":"","ast-site-content-layout":"default","site-content-style":"default","site-sidebar-style":"default","ast-global-header-display":"","ast-banner-title-visibility":"","ast-main-header-display":"","ast-hfb-above-header-display":"","ast-hfb-below-header-display":"","ast-hfb-mobile-header-display":"","site-post-title":"","ast-breadcrumbs-content":"","ast-featured-img":"","footer-sml-layout":"","theme-transparent-header-meta":"default","adv-header-id-meta":"","stick-header-meta":"","header-above-stick-meta":"","header-main-stick-meta":"","header-below-stick-meta":"","astra-migrate-meta-layouts":"default","ast-page-background-enabled":"default","ast-page-background-meta":{"desktop":{"background-color":"var(--ast-global-color-4)","background-image":"","background-repeat":"repeat","background-position":"center center","background-size":"auto","background-attachment":"scroll","background-type":"","background-media":"","overlay-type":"","overlay-color":"","overlay-opacity":"","overlay-gradient":""},"tablet":{"background-color":"","background-image":"","background-repeat":"repeat","background-position":"center center","background-size":"auto","background-attachment":"scroll","background-type":"","background-media":"","overlay-type":"","overlay-color":"","overlay-opacity":"","overlay-gradient":""},"mobile":{"background-color":"","background-image":"","background-repeat":"repeat","background-position":"center center","background-size":"auto","background-attachment":"scroll","background-type":"","background-media":"","overlay-type":"","overlay-color":"","overlay-opacity":"","overlay-gradient":""}},"ast-content-background-meta":{"desktop":{"background-color":"var(--ast-global-color-5)","background-image":"","background-repeat":"repeat","background-position":"center center","background-size":"auto","background-attachment":"scroll","background-type":"","background-media":"","overlay-type":"","overlay-color":"","overlay-opacity":"","overlay-gradient":""},"tablet":{"background-color":"var(--ast-global-color-5)","background-image":"","background-repeat":"repeat","background-position":"center center","background-size":"auto","background-attachment":"scroll","background-type":"","background-media":"","overlay-type":"","overlay-color":"","overlay-opacity":"","overlay-gradient":""},"mobile":{"background-color":"var(--ast-global-color-5)","background-image":"","background-repeat":"repeat","background-position":"center center","background-size":"auto","background-attachment":"scroll","background-type":"","background-media":"","overlay-type":"","overlay-color":"","overlay-opacity":"","overlay-gradient":""}}},"product_brand":[],"product_cat":[410,63],"product_tag":[],"class_list":{"0":"post-4650","1":"product","2":"type-product","3":"status-publish","4":"has-post-thumbnail","6":"product_cat-large-display-fr","7":"product_cat-nappes","8":"desktop-align-left","9":"tablet-align-left","10":"mobile-align-left","12":"first","13":"instock","14":"taxable","15":"shipping-taxable","16":"purchasable","17":"product-type-variable"},"acf":[],"_links":{"self":[{"href":"https:\/\/elegantdisplay.ca\/fr\/wp-json\/wp\/v2\/product\/4650","targetHints":{"allow":["GET"]}}],"collection":[{"href":"https:\/\/elegantdisplay.ca\/fr\/wp-json\/wp\/v2\/product"}],"about":[{"href":"https:\/\/elegantdisplay.ca\/fr\/wp-json\/wp\/v2\/types\/product"}],"wp:featuredmedia":[{"embeddable":true,"href":"https:\/\/elegantdisplay.ca\/fr\/wp-json\/wp\/v2\/media\/1867"}],"wp:attachment":[{"href":"https:\/\/elegantdisplay.ca\/fr\/wp-json\/wp\/v2\/media?parent=4650"}],"wp:term":[{"taxonomy":"product_brand","embeddable":true,"href":"https:\/\/elegantdisplay.ca\/fr\/wp-json\/wp\/v2\/product_brand?post=4650"},{"taxonomy":"product_cat","embeddable":true,"href":"https:\/\/elegantdisplay.ca\/fr\/wp-json\/wp\/v2\/product_cat?post=4650"},{"taxonomy":"product_tag","embeddable":true,"href":"https:\/\/elegantdisplay.ca\/fr\/wp-json\/wp\/v2\/product_tag?post=4650"}],"curies":[{"name":"wp","href":"https:\/\/api.w.org\/{rel}","templated":true}]}}