{"id":4706,"date":"2023-09-11T20:01:14","date_gmt":"2023-09-12T00:01:14","guid":{"rendered":"https:\/\/togodisplays.com\/product\/nappe-produit-en-chine\/"},"modified":"2025-10-09T10:17:36","modified_gmt":"2025-10-09T14:17:36","slug":"nappe-produit-china","status":"publish","type":"product","link":"https:\/\/elegantdisplay.ca\/fr\/shop\/nappes\/nappe-produit-china\/","title":{"rendered":"Nappe &#8211; Produit en Chine"},"content":{"rendered":"<p>Faites de vos tables de pr\u00e9sentation des \u00e9l\u00e9ments de marketing pour les produits, les marques ou tout simplement l\u2019identification visuelle de votre entreprise. Nappes rectangulaires disponibles pour tables de 6&prime; et 8&prime; seulement avec finition standard comprenant une couture de finition ou finition FIT (adapt\u00e9 \u00e0 votre table).<\/p>\n<p>Nappe imprim\u00e9e et cousue \u00e0 100% en Chine par nos partenaires.<\/p>\n<p>*Commande minimum: 3 unit\u00e9s.<\/p>\n<p>*D\u00e9lai de production: 15 jours ouvrables.<\/p>\n<p>*Table non comprise.<\/p>\n<p>La nappe imprim\u00e9e est parfaite pour afficher dans les foires, les salons ou dans vos commerces. Profitez-en pour montrer vos produits et services ou simplement votre logo d&rsquo;entreprise.<\/p>\n<p><strong>Tissu<\/strong>: FlexTex &#8211; Tissu extensible, 100 % polyester, anti-froissable, bonne opacit\u00e9, ignifuge.<\/p>\n","protected":false},"excerpt":{"rendered":"<p>Faites de vos tables de pr\u00e9sentation des \u00e9l\u00e9ments de marketing pour les produits, les marques ou tout simplement l\u2019identification visuelle de votre entreprise. Nappes rectangulaires disponibles pour tables de 6&prime; et 8&prime; seulement avec finition standard comprenant une couture de finition ou finition FIT (adapt\u00e9 \u00e0 votre table).<\/p>\n<p>Nappe imprim\u00e9e et cousue \u00e0 100% en Chine par nos partenaires.<\/p>\n<p>Commande minimum: 3 unit\u00e9s.<\/p>\n<p>D\u00e9lai de production: 15 jours ouvrables.<\/p>\n<p>Table non comprise.<\/p>\n","protected":false},"featured_media":1868,"template":"","meta":{"_acf_changed":false,"_seopress_robots_primary_cat":"none","_seopress_titles_title":"","_seopress_titles_desc":"","_seopress_robots_index":"","site-sidebar-layout":"default","site-content-layout":"","ast-site-content-layout":"default","site-content-style":"default","site-sidebar-style":"default","ast-global-header-display":"","ast-banner-title-visibility":"","ast-main-header-display":"","ast-hfb-above-header-display":"","ast-hfb-below-header-display":"","ast-hfb-mobile-header-display":"","site-post-title":"","ast-breadcrumbs-content":"","ast-featured-img":"","footer-sml-layout":"","theme-transparent-header-meta":"default","adv-header-id-meta":"","stick-header-meta":"","header-above-stick-meta":"","header-main-stick-meta":"","header-below-stick-meta":"","astra-migrate-meta-layouts":"default","ast-page-background-enabled":"default","ast-page-background-meta":{"desktop":{"background-color":"var(--ast-global-color-4)","background-image":"","background-repeat":"repeat","background-position":"center center","background-size":"auto","background-attachment":"scroll","background-type":"","background-media":"","overlay-type":"","overlay-color":"","overlay-opacity":"","overlay-gradient":""},"tablet":{"background-color":"","background-image":"","background-repeat":"repeat","background-position":"center center","background-size":"auto","background-attachment":"scroll","background-type":"","background-media":"","overlay-type":"","overlay-color":"","overlay-opacity":"","overlay-gradient":""},"mobile":{"background-color":"","background-image":"","background-repeat":"repeat","background-position":"center center","background-size":"auto","background-attachment":"scroll","background-type":"","background-media":"","overlay-type":"","overlay-color":"","overlay-opacity":"","overlay-gradient":""}},"ast-content-background-meta":{"desktop":{"background-color":"var(--ast-global-color-5)","background-image":"","background-repeat":"repeat","background-position":"center center","background-size":"auto","background-attachment":"scroll","background-type":"","background-media":"","overlay-type":"","overlay-color":"","overlay-opacity":"","overlay-gradient":""},"tablet":{"background-color":"var(--ast-global-color-5)","background-image":"","background-repeat":"repeat","background-position":"center center","background-size":"auto","background-attachment":"scroll","background-type":"","background-media":"","overlay-type":"","overlay-color":"","overlay-opacity":"","overlay-gradient":""},"mobile":{"background-color":"var(--ast-global-color-5)","background-image":"","background-repeat":"repeat","background-position":"center center","background-size":"auto","background-attachment":"scroll","background-type":"","background-media":"","overlay-type":"","overlay-color":"","overlay-opacity":"","overlay-gradient":""}}},"product_brand":[],"product_cat":[410,63],"product_tag":[],"class_list":{"0":"post-4706","1":"product","2":"type-product","3":"status-publish","4":"has-post-thumbnail","6":"product_cat-large-display-fr","7":"product_cat-nappes","8":"desktop-align-left","9":"tablet-align-left","10":"mobile-align-left","12":"first","13":"instock","14":"taxable","15":"shipping-taxable","16":"purchasable","17":"product-type-variable"},"acf":[],"_links":{"self":[{"href":"https:\/\/elegantdisplay.ca\/fr\/wp-json\/wp\/v2\/product\/4706","targetHints":{"allow":["GET"]}}],"collection":[{"href":"https:\/\/elegantdisplay.ca\/fr\/wp-json\/wp\/v2\/product"}],"about":[{"href":"https:\/\/elegantdisplay.ca\/fr\/wp-json\/wp\/v2\/types\/product"}],"wp:featuredmedia":[{"embeddable":true,"href":"https:\/\/elegantdisplay.ca\/fr\/wp-json\/wp\/v2\/media\/1868"}],"wp:attachment":[{"href":"https:\/\/elegantdisplay.ca\/fr\/wp-json\/wp\/v2\/media?parent=4706"}],"wp:term":[{"taxonomy":"product_brand","embeddable":true,"href":"https:\/\/elegantdisplay.ca\/fr\/wp-json\/wp\/v2\/product_brand?post=4706"},{"taxonomy":"product_cat","embeddable":true,"href":"https:\/\/elegantdisplay.ca\/fr\/wp-json\/wp\/v2\/product_cat?post=4706"},{"taxonomy":"product_tag","embeddable":true,"href":"https:\/\/elegantdisplay.ca\/fr\/wp-json\/wp\/v2\/product_tag?post=4706"}],"curies":[{"name":"wp","href":"https:\/\/api.w.org\/{rel}","templated":true}]}}