{"id":4714,"date":"2023-09-05T20:04:15","date_gmt":"2023-09-06T00:04:15","guid":{"rendered":"https:\/\/togodisplays.com\/product\/o-tube-wall-droit\/"},"modified":"2025-08-18T10:16:07","modified_gmt":"2025-08-18T14:16:07","slug":"ez-tube-wall-straight","status":"publish","type":"product","link":"https:\/\/elegantdisplay.ca\/fr\/shop\/murs-o-tube\/ez-tube-wall-straight\/","title":{"rendered":"Mur O-Tube Droit"},"content":{"rendered":"<p>Voici une structure autoportante et ultra l\u00e9g\u00e8re, sans courbure, \u00e0 montage facile et rapide, recouverte d\u2019une toile imprim\u00e9e sous forme de housse, id\u00e9ale pour les pr\u00e9sentations mobiles \u00e0 l\u2019int\u00e9rieur. Facile \u00e0 transporter, on peut aussi y ajouter un <a href=\"https:\/\/elegantdisplay.ca\/fr\/shop\/lampes\/lampe-diodes-electroluminescentes\/\">\u00e9clairage<\/a>.<span class=\"Apple-converted-space\"> <\/span><\/p>\n<ul>\n<li>La housse en toile imprim\u00e9e qui s\u2019enfile sur la structure est munie d\u2019une fermeture \u00e9clair au bas pour cr\u00e9er une parfaite tension du visuel affich\u00e9.<\/li>\n<li>Plusieurs formats disponibles. <span class=\"Apple-converted-space\"> <\/span><\/li>\n<li>La structure est fabriqu\u00e9e \u00e0 partir d\u2019un alliage d\u2019aluminium au fini satin\u00e9, avec des p\u00f4les qui s\u2019embo\u00eetent les unes dans les autres, comme les autres mod\u00e8les O-Tube.<\/li>\n<li>Une paire de pattes est fix\u00e9e au bas de la structure pour garantir sa stabilit\u00e9.<span class=\"Apple-converted-space\"> <\/span><\/li>\n<li>Toile peut \u00eatre imprim\u00e9e recto-verso.<span class=\"Apple-converted-space\"> <\/span><\/li>\n<li>Sac de transport inclus \u00e0 l\u2019achat de la structure.<span class=\"Apple-converted-space\"> <\/span><\/li>\n<li>Des coins sup\u00e9rieurs carr\u00e9s, des pieds stabilisateurs doubles (pour relier plusieurs structures) et un support t\u00e9l\u00e9 avec tablettes accroch\u00e9 \u00e0 la structure sont aussi offerts.<\/li>\n<li>Un \u00e9clairage au DEL est disponible en option.<\/li>\n<\/ul>\n<p><strong>Tissu<\/strong>: FlexTex &#8211; Tissu extensible, 100 % polyester, anti-froissable, bonne opacit\u00e9, ignifuge.<\/p>\n","protected":false},"excerpt":{"rendered":"<p>Voici une structure autoportante et ultra l\u00e9g\u00e8re, sans courbure, \u00e0 montage facile et rapide, recouverte d\u2019une toile imprim\u00e9e sous forme de housse, id\u00e9ale pour les pr\u00e9sentations mobiles \u00e0 l\u2019int\u00e9rieur. Facile \u00e0 transporter, on peut aussi y ajouter un <a href=\"https:\/\/elegantdisplay.ca\/fr\/shop\/lampes\/lampe-diodes-electroluminescentes\/\">\u00e9clairage<\/a>.<\/p>\n","protected":false},"featured_media":1839,"template":"","meta":{"_acf_changed":false,"_seopress_robots_primary_cat":"none","_seopress_titles_title":"","_seopress_titles_desc":"","_seopress_robots_index":"","site-sidebar-layout":"default","site-content-layout":"","ast-site-content-layout":"default","site-content-style":"default","site-sidebar-style":"default","ast-global-header-display":"","ast-banner-title-visibility":"","ast-main-header-display":"","ast-hfb-above-header-display":"","ast-hfb-below-header-display":"","ast-hfb-mobile-header-display":"","site-post-title":"","ast-breadcrumbs-content":"","ast-featured-img":"","footer-sml-layout":"","theme-transparent-header-meta":"default","adv-header-id-meta":"","stick-header-meta":"","header-above-stick-meta":"","header-main-stick-meta":"","header-below-stick-meta":"","astra-migrate-meta-layouts":"default","ast-page-background-enabled":"default","ast-page-background-meta":{"desktop":{"background-color":"var(--ast-global-color-4)","background-image":"","background-repeat":"repeat","background-position":"center center","background-size":"auto","background-attachment":"scroll","background-type":"","background-media":"","overlay-type":"","overlay-color":"","overlay-opacity":"","overlay-gradient":""},"tablet":{"background-color":"","background-image":"","background-repeat":"repeat","background-position":"center center","background-size":"auto","background-attachment":"scroll","background-type":"","background-media":"","overlay-type":"","overlay-color":"","overlay-opacity":"","overlay-gradient":""},"mobile":{"background-color":"","background-image":"","background-repeat":"repeat","background-position":"center center","background-size":"auto","background-attachment":"scroll","background-type":"","background-media":"","overlay-type":"","overlay-color":"","overlay-opacity":"","overlay-gradient":""}},"ast-content-background-meta":{"desktop":{"background-color":"var(--ast-global-color-5)","background-image":"","background-repeat":"repeat","background-position":"center center","background-size":"auto","background-attachment":"scroll","background-type":"","background-media":"","overlay-type":"","overlay-color":"","overlay-opacity":"","overlay-gradient":""},"tablet":{"background-color":"var(--ast-global-color-5)","background-image":"","background-repeat":"repeat","background-position":"center center","background-size":"auto","background-attachment":"scroll","background-type":"","background-media":"","overlay-type":"","overlay-color":"","overlay-opacity":"","overlay-gradient":""},"mobile":{"background-color":"var(--ast-global-color-5)","background-image":"","background-repeat":"repeat","background-position":"center center","background-size":"auto","background-attachment":"scroll","background-type":"","background-media":"","overlay-type":"","overlay-color":"","overlay-opacity":"","overlay-gradient":""}}},"product_brand":[],"product_cat":[410,55],"product_tag":[],"class_list":{"0":"post-4714","1":"product","2":"type-product","3":"status-publish","4":"has-post-thumbnail","6":"product_cat-large-display-fr","7":"product_cat-murs-o-tube","8":"desktop-align-left","9":"tablet-align-left","10":"mobile-align-left","12":"first","13":"instock","14":"taxable","15":"shipping-taxable","16":"purchasable","17":"product-type-variable"},"acf":[],"_links":{"self":[{"href":"https:\/\/elegantdisplay.ca\/fr\/wp-json\/wp\/v2\/product\/4714","targetHints":{"allow":["GET"]}}],"collection":[{"href":"https:\/\/elegantdisplay.ca\/fr\/wp-json\/wp\/v2\/product"}],"about":[{"href":"https:\/\/elegantdisplay.ca\/fr\/wp-json\/wp\/v2\/types\/product"}],"wp:featuredmedia":[{"embeddable":true,"href":"https:\/\/elegantdisplay.ca\/fr\/wp-json\/wp\/v2\/media\/1839"}],"wp:attachment":[{"href":"https:\/\/elegantdisplay.ca\/fr\/wp-json\/wp\/v2\/media?parent=4714"}],"wp:term":[{"taxonomy":"product_brand","embeddable":true,"href":"https:\/\/elegantdisplay.ca\/fr\/wp-json\/wp\/v2\/product_brand?post=4714"},{"taxonomy":"product_cat","embeddable":true,"href":"https:\/\/elegantdisplay.ca\/fr\/wp-json\/wp\/v2\/product_cat?post=4714"},{"taxonomy":"product_tag","embeddable":true,"href":"https:\/\/elegantdisplay.ca\/fr\/wp-json\/wp\/v2\/product_tag?post=4714"}],"curies":[{"name":"wp","href":"https:\/\/api.w.org\/{rel}","templated":true}]}}