{"id":4950,"date":"2023-09-11T20:11:06","date_gmt":"2023-09-12T00:11:06","guid":{"rendered":"https:\/\/togodisplays.com\/product\/store-enrouleur\/"},"modified":"2024-06-06T17:45:59","modified_gmt":"2024-06-06T21:45:59","slug":"store-a-enroulement","status":"publish","type":"product","link":"https:\/\/elegantdisplay.ca\/fr\/shop\/stores\/store-a-enroulement\/","title":{"rendered":"Store enrouleur"},"content":{"rendered":"<p>Les fen\u00eatres de votre salle d\u2019attente, salle de r\u00e9union, salon des employ\u00e9s ou caf\u00e9t\u00e9ria se transforment en espace promotionnel si elles sont \u00e9quip\u00e9es de stores enrouleurs imprim\u00e9s. Avec un choix de tissus translucide, diffuseur de lumi\u00e8re ou opaque, vous pouvez obtenir facilement l\u2019effet recherch\u00e9. Le m\u00e9canisme du store inclus la cha\u00eene \u00e0 gauche ou \u00e0 droite selon vos besoins ainsi qu\u2019une barre de finition en aluminium au bas de la toile.<\/p>\n<p>Vous pouvez choisir la dimension de votre store dans les formats propos\u00e9s ou encore adapter votre visuel selon vos besoins puisque ce produit peut \u00eatre fabriqu\u00e9 sur mesure. Contactez notre service \u00e0 la client\u00e8le pour obtenir une soumission.<\/p>\n<p><strong>Tissu<\/strong>:<\/p>\n<ul>\n<li>Blocker RV &#8211; Tissu tricot\u00e9, 100 % polyester, non extensible, offrant une opacit\u00e9 totale, r\u00e9sistant au feu.<\/li>\n<li>FireSafe &#8211; Tissu non extensible, r\u00e9sistant \u00e0 l&rsquo;eau, coupe la lumi\u00e8re mais pas \u00e0 100 %, r\u00e9sistant au feu<\/li>\n<li>DisplayTex &#8211; Tissu brillant, r\u00e9fl\u00e9chissant l\u00e9g\u00e8rement la lumi\u00e8re, r\u00e9sistant au feu<\/li>\n<li>SubIce &#8211; Tissu l\u00e9g\u00e8rement ajour\u00e9 et transparent, laissant passer la lumi\u00e8re, r\u00e9sistant au feu<\/li>\n<\/ul>\n","protected":false},"excerpt":{"rendered":"<p>Les fen\u00eatres de votre salle d\u2019attente, salle de r\u00e9union, salon des employ\u00e9s ou caf\u00e9t\u00e9ria se transforment en espace promotionnel si elles sont \u00e9quip\u00e9es de stores enrouleurs imprim\u00e9s. Avec un choix de tissus translucide, diffuseur de lumi\u00e8re ou opaque, vous pouvez obtenir facilement l\u2019effet recherch\u00e9. Le m\u00e9canisme du store inclus la cha\u00eene \u00e0 gauche ou \u00e0 droite selon vos besoins ainsi qu\u2019une barre de finition en aluminium au bas de la toile.<\/p>\n","protected":false},"featured_media":1872,"template":"","meta":{"_acf_changed":false,"_seopress_robots_primary_cat":"","_seopress_titles_title":"","_seopress_titles_desc":"","_seopress_robots_index":"","site-sidebar-layout":"default","site-content-layout":"","ast-site-content-layout":"","site-content-style":"default","site-sidebar-style":"default","ast-global-header-display":"","ast-banner-title-visibility":"","ast-main-header-display":"","ast-hfb-above-header-display":"","ast-hfb-below-header-display":"","ast-hfb-mobile-header-display":"","site-post-title":"","ast-breadcrumbs-content":"","ast-featured-img":"","footer-sml-layout":"","theme-transparent-header-meta":"","adv-header-id-meta":"","stick-header-meta":"","header-above-stick-meta":"","header-main-stick-meta":"","header-below-stick-meta":"","astra-migrate-meta-layouts":"default","ast-page-background-enabled":"default","ast-page-background-meta":{"desktop":{"background-color":"var(--ast-global-color-4)","background-image":"","background-repeat":"repeat","background-position":"center center","background-size":"auto","background-attachment":"scroll","background-type":"","background-media":"","overlay-type":"","overlay-color":"","overlay-opacity":"","overlay-gradient":""},"tablet":{"background-color":"","background-image":"","background-repeat":"repeat","background-position":"center center","background-size":"auto","background-attachment":"scroll","background-type":"","background-media":"","overlay-type":"","overlay-color":"","overlay-opacity":"","overlay-gradient":""},"mobile":{"background-color":"","background-image":"","background-repeat":"repeat","background-position":"center center","background-size":"auto","background-attachment":"scroll","background-type":"","background-media":"","overlay-type":"","overlay-color":"","overlay-opacity":"","overlay-gradient":""}},"ast-content-background-meta":{"desktop":{"background-color":"var(--ast-global-color-5)","background-image":"","background-repeat":"repeat","background-position":"center center","background-size":"auto","background-attachment":"scroll","background-type":"","background-media":"","overlay-type":"","overlay-color":"","overlay-opacity":"","overlay-gradient":""},"tablet":{"background-color":"var(--ast-global-color-5)","background-image":"","background-repeat":"repeat","background-position":"center center","background-size":"auto","background-attachment":"scroll","background-type":"","background-media":"","overlay-type":"","overlay-color":"","overlay-opacity":"","overlay-gradient":""},"mobile":{"background-color":"var(--ast-global-color-5)","background-image":"","background-repeat":"repeat","background-position":"center center","background-size":"auto","background-attachment":"scroll","background-type":"","background-media":"","overlay-type":"","overlay-color":"","overlay-opacity":"","overlay-gradient":""}}},"product_brand":[],"product_cat":[61,410],"product_tag":[],"class_list":{"0":"post-4950","1":"product","2":"type-product","3":"status-publish","4":"has-post-thumbnail","6":"product_cat-stores","7":"product_cat-large-display-fr","8":"desktop-align-left","9":"tablet-align-left","10":"mobile-align-left","12":"first","13":"instock","14":"taxable","15":"shipping-taxable","16":"purchasable","17":"product-type-variable"},"acf":[],"_links":{"self":[{"href":"https:\/\/elegantdisplay.ca\/fr\/wp-json\/wp\/v2\/product\/4950","targetHints":{"allow":["GET"]}}],"collection":[{"href":"https:\/\/elegantdisplay.ca\/fr\/wp-json\/wp\/v2\/product"}],"about":[{"href":"https:\/\/elegantdisplay.ca\/fr\/wp-json\/wp\/v2\/types\/product"}],"wp:featuredmedia":[{"embeddable":true,"href":"https:\/\/elegantdisplay.ca\/fr\/wp-json\/wp\/v2\/media\/1872"}],"wp:attachment":[{"href":"https:\/\/elegantdisplay.ca\/fr\/wp-json\/wp\/v2\/media?parent=4950"}],"wp:term":[{"taxonomy":"product_brand","embeddable":true,"href":"https:\/\/elegantdisplay.ca\/fr\/wp-json\/wp\/v2\/product_brand?post=4950"},{"taxonomy":"product_cat","embeddable":true,"href":"https:\/\/elegantdisplay.ca\/fr\/wp-json\/wp\/v2\/product_cat?post=4950"},{"taxonomy":"product_tag","embeddable":true,"href":"https:\/\/elegantdisplay.ca\/fr\/wp-json\/wp\/v2\/product_tag?post=4950"}],"curies":[{"name":"wp","href":"https:\/\/api.w.org\/{rel}","templated":true}]}}