{"id":4972,"date":"2024-04-07T19:04:34","date_gmt":"2024-04-07T23:04:34","guid":{"rendered":"https:\/\/togodisplays.com\/product\/panneau-de-trottoir\/"},"modified":"2024-04-07T19:17:11","modified_gmt":"2024-04-07T23:17:11","slug":"trottoir-affichage","status":"publish","type":"product","link":"https:\/\/elegantdisplay.ca\/fr\/shop\/materiel-promotionnel-evenementiel\/trottoir-affichage\/","title":{"rendered":"Panneau de trottoir"},"content":{"rendered":"<p>Ce panneau de trottoir offre une solution d\u2019affichage autoportante et biface. Avec sa structure form\u00e9e \u00e0 partir d\u2019une extrusion carr\u00e9e en aluminium, il est solide, l\u00e9ger et \u00e9l\u00e9gant. Les toiles imprim\u00e9es sont tendues dans les cadres et peuvent \u00eatre remplac\u00e9es en quelques secondes et sans outil gr\u00e2ce au jonc de silicone. Ce produit est sup\u00e9rieur au tr\u00e9teau de plastique bien connu en terme d\u2019esth\u00e9tisme et de design.<\/p>\n<p>Vous pouvez choisir la dimension de votre Panneau de trottoir dans les formats propos\u00e9s ou encore adapter votre visuel selon vos besoins puisque ce dernier peut \u00eatre fabriqu\u00e9 sur mesure. Contactez notre service \u00e0 la client\u00e8le pour obtenir une soumission.<\/p>\n<p><strong>Tissu<\/strong>: Ez-Tex &#8211; Tissu tricot\u00e9 avec une \u00e9lasticit\u00e9 adapt\u00e9e, 100% polyester, offre une opacit\u00e9 id\u00e9ale, ignifuge<\/p>\n","protected":false},"excerpt":{"rendered":"<p>Ce panneau de trottoir offre une solution d\u2019affichage autoportante et biface. Avec sa structure form\u00e9e \u00e0 partir d\u2019une extrusion carr\u00e9e en aluminium, il est solide, l\u00e9ger et \u00e9l\u00e9gant. Les toiles imprim\u00e9es sont tendues dans les cadres et peuvent \u00eatre remplac\u00e9es en quelques secondes et sans outil gr\u00e2ce au jonc de silicone. Ce produit est sup\u00e9rieur au tr\u00e9teau de plastique bien connu en terme d\u2019esth\u00e9tisme et de design.<\/p>\n","protected":false},"featured_media":1880,"template":"","meta":{"_acf_changed":false,"_seopress_robots_primary_cat":"","_seopress_titles_title":"","_seopress_titles_desc":"","_seopress_robots_index":"","site-sidebar-layout":"default","site-content-layout":"","ast-site-content-layout":"default","site-content-style":"default","site-sidebar-style":"default","ast-global-header-display":"","ast-banner-title-visibility":"","ast-main-header-display":"","ast-hfb-above-header-display":"","ast-hfb-below-header-display":"","ast-hfb-mobile-header-display":"","site-post-title":"","ast-breadcrumbs-content":"","ast-featured-img":"","footer-sml-layout":"","theme-transparent-header-meta":"default","adv-header-id-meta":"","stick-header-meta":"","header-above-stick-meta":"","header-main-stick-meta":"","header-below-stick-meta":"","astra-migrate-meta-layouts":"default","ast-page-background-enabled":"default","ast-page-background-meta":{"desktop":{"background-color":"var(--ast-global-color-4)","background-image":"","background-repeat":"repeat","background-position":"center center","background-size":"auto","background-attachment":"scroll","background-type":"","background-media":"","overlay-type":"","overlay-color":"","overlay-opacity":"","overlay-gradient":""},"tablet":{"background-color":"","background-image":"","background-repeat":"repeat","background-position":"center center","background-size":"auto","background-attachment":"scroll","background-type":"","background-media":"","overlay-type":"","overlay-color":"","overlay-opacity":"","overlay-gradient":""},"mobile":{"background-color":"","background-image":"","background-repeat":"repeat","background-position":"center center","background-size":"auto","background-attachment":"scroll","background-type":"","background-media":"","overlay-type":"","overlay-color":"","overlay-opacity":"","overlay-gradient":""}},"ast-content-background-meta":{"desktop":{"background-color":"var(--ast-global-color-5)","background-image":"","background-repeat":"repeat","background-position":"center center","background-size":"auto","background-attachment":"scroll","background-type":"","background-media":"","overlay-type":"","overlay-color":"","overlay-opacity":"","overlay-gradient":""},"tablet":{"background-color":"var(--ast-global-color-5)","background-image":"","background-repeat":"repeat","background-position":"center center","background-size":"auto","background-attachment":"scroll","background-type":"","background-media":"","overlay-type":"","overlay-color":"","overlay-opacity":"","overlay-gradient":""},"mobile":{"background-color":"var(--ast-global-color-5)","background-image":"","background-repeat":"repeat","background-position":"center center","background-size":"auto","background-attachment":"scroll","background-type":"","background-media":"","overlay-type":"","overlay-color":"","overlay-opacity":"","overlay-gradient":""}}},"product_brand":[],"product_cat":[65,51],"product_tag":[],"class_list":{"0":"post-4972","1":"product","2":"type-product","3":"status-publish","4":"has-post-thumbnail","6":"product_cat-presentoirs-portatifs-interieurs","7":"product_cat-materiel-promotionnel-evenementiel","8":"desktop-align-left","9":"tablet-align-left","10":"mobile-align-left","12":"first","13":"instock","14":"taxable","15":"shipping-taxable","16":"purchasable","17":"product-type-variable"},"acf":[],"_links":{"self":[{"href":"https:\/\/elegantdisplay.ca\/fr\/wp-json\/wp\/v2\/product\/4972","targetHints":{"allow":["GET"]}}],"collection":[{"href":"https:\/\/elegantdisplay.ca\/fr\/wp-json\/wp\/v2\/product"}],"about":[{"href":"https:\/\/elegantdisplay.ca\/fr\/wp-json\/wp\/v2\/types\/product"}],"wp:featuredmedia":[{"embeddable":true,"href":"https:\/\/elegantdisplay.ca\/fr\/wp-json\/wp\/v2\/media\/1880"}],"wp:attachment":[{"href":"https:\/\/elegantdisplay.ca\/fr\/wp-json\/wp\/v2\/media?parent=4972"}],"wp:term":[{"taxonomy":"product_brand","embeddable":true,"href":"https:\/\/elegantdisplay.ca\/fr\/wp-json\/wp\/v2\/product_brand?post=4972"},{"taxonomy":"product_cat","embeddable":true,"href":"https:\/\/elegantdisplay.ca\/fr\/wp-json\/wp\/v2\/product_cat?post=4972"},{"taxonomy":"product_tag","embeddable":true,"href":"https:\/\/elegantdisplay.ca\/fr\/wp-json\/wp\/v2\/product_tag?post=4972"}],"curies":[{"name":"wp","href":"https:\/\/api.w.org\/{rel}","templated":true}]}}