{"id":4982,"date":"2023-09-11T20:15:55","date_gmt":"2023-09-12T00:15:55","guid":{"rendered":"https:\/\/togodisplays.com\/product\/stretch-o-cadre-p-t-55\/"},"modified":"2024-06-06T17:41:36","modified_gmt":"2024-06-06T21:41:36","slug":"stretch-o-cadre-p-t-55","status":"publish","type":"product","link":"https:\/\/elegantdisplay.ca\/fr\/shop\/boitiers-lumineux\/stretch-o-cadre-p-t-55\/","title":{"rendered":"Stretch-O-Cadre P-T-55"},"content":{"rendered":"<p>Le cadre de ce mod\u00e8le fabriqu\u00e9 \u00e0 partir d&rsquo;une extrusion d&rsquo;aluminium de 55 mm (2.17\u2033) comprend un \u00e9clairage int\u00e9gr\u00e9 de type \u00ab\u00a0backlite\u00a0\u00bb. La toile imprim\u00e9e sur tissu par sublimation est mont\u00e9e avec une tige en silicone et peut \u00eatre remplac\u00e9e \u00e0 volont\u00e9 et \u00e0 un co\u00fbt raisonnable.<\/p>\n<ul>\n<li>Enti\u00e8rement fabriqu\u00e9 dans notre atelier : garantie d&rsquo;un produit de qualit\u00e9 sup\u00e9rieure.<\/li>\n<li>Disponible en trois couleurs.<\/li>\n<li>Un bon choix lorsque la taille de la bo\u00eete ne d\u00e9passe pas 6 pieds par 6 pieds environ.<\/li>\n<li>Toile imprim\u00e9e sur le tissu diffuseur avec anneau en silicone cousu sur les quatre (4) c\u00f4t\u00e9s, \u00e0 ins\u00e9rer dans la rainure avant de l&rsquo;\u00e9tui.<\/li>\n<li>Possibilit\u00e9 de changer la toile facilement sans outils.<\/li>\n<li>Modules d&rsquo;\u00e9clairage LED fix\u00e9s \u00e0 l&rsquo;arri\u00e8re sur un panneau d&rsquo;aluminium blanc rivet\u00e9.<\/li>\n<li>Transformateurs de type \u00ab\u00a0Snapy\u00a0\u00bb \u00e0 l&rsquo;int\u00e9rieur du bo\u00eetier.<\/li>\n<li>Gradateur et interrupteur de mise en marche disponibles sur demande.<\/li>\n<li>L&#8217;emplacement des sorties de fil ainsi que la longueur de fil requise doivent \u00eatre indiqu\u00e9s par le client.<\/li>\n<li>Demandez une soumission aupr\u00e8s du service \u00e0 la client\u00e8le.<\/li>\n<\/ul>\n<p><strong>Tissu<\/strong>: Briteray &#8211; Tissu tricot\u00e9 \u00e0 la cha\u00eene, 100 % polyester, r\u00e9fl\u00e9chit la lumi\u00e8re, r\u00e9sistant au feu<\/p>\n","protected":false},"excerpt":{"rendered":"<p>Le cadre de ce mod\u00e8le fabriqu\u00e9 \u00e0 partir d&rsquo;une extrusion d&rsquo;aluminium de 55 mm (2.17\u2033) comprend un \u00e9clairage int\u00e9gr\u00e9 de type \u00ab\u00a0backlite\u00a0\u00bb. La toile imprim\u00e9e sur tissu par sublimation est mont\u00e9e avec une tige en silicone et peut \u00eatre remplac\u00e9e \u00e0 volont\u00e9 et \u00e0 un co\u00fbt raisonnable.<\/p>\n","protected":false},"featured_media":1874,"template":"","meta":{"_acf_changed":false,"_seopress_robots_primary_cat":"","_seopress_titles_title":"","_seopress_titles_desc":"","_seopress_robots_index":"","site-sidebar-layout":"default","site-content-layout":"","ast-site-content-layout":"","site-content-style":"default","site-sidebar-style":"default","ast-global-header-display":"","ast-banner-title-visibility":"","ast-main-header-display":"","ast-hfb-above-header-display":"","ast-hfb-below-header-display":"","ast-hfb-mobile-header-display":"","site-post-title":"","ast-breadcrumbs-content":"","ast-featured-img":"","footer-sml-layout":"","theme-transparent-header-meta":"","adv-header-id-meta":"","stick-header-meta":"","header-above-stick-meta":"","header-main-stick-meta":"","header-below-stick-meta":"","astra-migrate-meta-layouts":"default","ast-page-background-enabled":"default","ast-page-background-meta":{"desktop":{"background-color":"var(--ast-global-color-4)","background-image":"","background-repeat":"repeat","background-position":"center center","background-size":"auto","background-attachment":"scroll","background-type":"","background-media":"","overlay-type":"","overlay-color":"","overlay-opacity":"","overlay-gradient":""},"tablet":{"background-color":"","background-image":"","background-repeat":"repeat","background-position":"center center","background-size":"auto","background-attachment":"scroll","background-type":"","background-media":"","overlay-type":"","overlay-color":"","overlay-opacity":"","overlay-gradient":""},"mobile":{"background-color":"","background-image":"","background-repeat":"repeat","background-position":"center center","background-size":"auto","background-attachment":"scroll","background-type":"","background-media":"","overlay-type":"","overlay-color":"","overlay-opacity":"","overlay-gradient":""}},"ast-content-background-meta":{"desktop":{"background-color":"var(--ast-global-color-5)","background-image":"","background-repeat":"repeat","background-position":"center center","background-size":"auto","background-attachment":"scroll","background-type":"","background-media":"","overlay-type":"","overlay-color":"","overlay-opacity":"","overlay-gradient":""},"tablet":{"background-color":"var(--ast-global-color-5)","background-image":"","background-repeat":"repeat","background-position":"center center","background-size":"auto","background-attachment":"scroll","background-type":"","background-media":"","overlay-type":"","overlay-color":"","overlay-opacity":"","overlay-gradient":""},"mobile":{"background-color":"var(--ast-global-color-5)","background-image":"","background-repeat":"repeat","background-position":"center center","background-size":"auto","background-attachment":"scroll","background-type":"","background-media":"","overlay-type":"","overlay-color":"","overlay-opacity":"","overlay-gradient":""}}},"product_brand":[],"product_cat":[410,59],"product_tag":[],"class_list":{"0":"post-4982","1":"product","2":"type-product","3":"status-publish","4":"has-post-thumbnail","6":"product_cat-large-display-fr","7":"product_cat-boitiers-lumineux","8":"desktop-align-left","9":"tablet-align-left","10":"mobile-align-left","12":"first","13":"instock","14":"taxable","15":"shipping-taxable","16":"purchasable","17":"product-type-variable"},"acf":[],"_links":{"self":[{"href":"https:\/\/elegantdisplay.ca\/fr\/wp-json\/wp\/v2\/product\/4982","targetHints":{"allow":["GET"]}}],"collection":[{"href":"https:\/\/elegantdisplay.ca\/fr\/wp-json\/wp\/v2\/product"}],"about":[{"href":"https:\/\/elegantdisplay.ca\/fr\/wp-json\/wp\/v2\/types\/product"}],"wp:featuredmedia":[{"embeddable":true,"href":"https:\/\/elegantdisplay.ca\/fr\/wp-json\/wp\/v2\/media\/1874"}],"wp:attachment":[{"href":"https:\/\/elegantdisplay.ca\/fr\/wp-json\/wp\/v2\/media?parent=4982"}],"wp:term":[{"taxonomy":"product_brand","embeddable":true,"href":"https:\/\/elegantdisplay.ca\/fr\/wp-json\/wp\/v2\/product_brand?post=4982"},{"taxonomy":"product_cat","embeddable":true,"href":"https:\/\/elegantdisplay.ca\/fr\/wp-json\/wp\/v2\/product_cat?post=4982"},{"taxonomy":"product_tag","embeddable":true,"href":"https:\/\/elegantdisplay.ca\/fr\/wp-json\/wp\/v2\/product_tag?post=4982"}],"curies":[{"name":"wp","href":"https:\/\/api.w.org\/{rel}","templated":true}]}}